{"id":16,"date":"2023-06-06T15:34:49","date_gmt":"2023-06-06T22:34:49","guid":{"rendered":"https:\/\/ecenter.org\/?page_id=16"},"modified":"2024-11-14T12:27:13","modified_gmt":"2024-11-14T20:27:13","slug":"our-programs","status":"publish","type":"page","link":"https:\/\/ecenter.org\/es\/our-programs\/","title":{"rendered":"Nuestros Programas"},"content":{"rendered":"<div class=\"gb-container gb-container-3f682b62 gb-container-default\">\n<div class=\"gb-container gb-container-b31eedb1\">\n\n<h2 class=\"gb-headline gb-headline-16c798a5 gb-headline-text gb-headline-hero-headline\">Nuestros Programas<\/h2>\n\n\n\n<h2 class=\"gb-headline gb-headline-8ce84028 gb-headline-text gb-headline-large-text\">E Center administra programas financiados estatal y federalmente en el norte de California que apoyan a ni\u00f1os y familias saludables.<\/h2>\n\n<\/div>\n<\/div>\n\n<div class=\"gb-container gb-container-f7bd305b gb-container-callout\">\n<div class=\"gb-container gb-container-66deeee5 gb-container-offset-left\">\n<div class=\"gb-container gb-container-28c75828 gb-container-default\">\n\n<figure class=\"gb-block-image gb-block-image-f96d157c\"><img loading=\"lazy\" decoding=\"async\" width=\"514\" height=\"260\" class=\"gb-image gb-image-f96d157c inset-left  gb-image-default\" src=\"https:\/\/ecenter.org\/wp-content\/uploads\/2023\/06\/WIC-Logo-Transparent.png\" alt=\"\" title=\"Logotipo de WIC-Transparente\" srcset=\"https:\/\/ecenter.org\/wp-content\/uploads\/2023\/06\/WIC-Logo-Transparent.png 514w, https:\/\/ecenter.org\/wp-content\/uploads\/2023\/06\/WIC-Logo-Transparent-300x152.png 300w, https:\/\/ecenter.org\/wp-content\/uploads\/2023\/06\/WIC-Logo-Transparent-500x253.png 500w\" sizes=\"auto, (max-width: 514px) 100vw, 514px\" \/><\/figure>\n\n<\/div>\n<\/div>\n\n<div class=\"gb-container gb-container-51eb91e3 gb-container-offset-right\">\n<div class=\"gb-container gb-container-ca573ad0\">\n\n<h2 class=\"gb-headline gb-headline-28f8236f gb-headline-text\"><strong>Mujeres, Infantes y Ni\u00f1os<\/strong><br><strong>(WIC del condado de Lake)<\/strong><\/h2>\n\n\n\n<p class=\"gb-headline gb-headline-545c13c1 gb-headline-text\">&nbsp;El programa WIC de E Center opera en el condado de Lake California y es un programa de asistencia federal del Servicio de Alimentos y Nutrici\u00f3n (FNS) del Departamento de Agricultura de los Estados Unidos (USDA) para la atenci\u00f3n m\u00e9dica y la nutrici\u00f3n de mujeres embarazadas, mujeres lactantes, beb\u00e9s y ni\u00f1os de bajos ingresos. ni\u00f1os menores de cinco a\u00f1os.<\/p>\n\n\n\n<a class=\"gb-button gb-button-d48486cc gb-button-text gb-button-secondary smooth-scroll\" href=\"https:\/\/ecenter.org\/es\/wic\/\">Aprende m\u00e1s<\/a>\n\n<\/div>\n<\/div>\n<\/div>\n\n<div class=\"gb-container gb-container-53de6b10 gb-container-callout\">\n<div class=\"gb-container gb-container-51bcfc10 gb-container-offset-left\">\n<div class=\"gb-container gb-container-20534f34 gb-container-default\">\n\n<h2 class=\"gb-headline gb-headline-dfa066ec gb-headline-text\"><strong>Programas Head Start<\/strong><\/h2>\n\n\n\n<p class=\"gb-headline gb-headline-82d563b9 gb-headline-text\">Los programas Head Start de E Center operan en nueve condados del norte de California: Butte, Colusa, Glenn, Lake, Sonoma, Sutter, Tehama, Yolo y Yuba. Head Start es un Departamento de Salud y Servicios Humanos que brinda servicios integrales de educaci\u00f3n infantil temprana, salud, nutrici\u00f3n y participaci\u00f3n de los padres a los ni\u00f1os y sus familias.<\/p>\n\n\n\n<a class=\"gb-button gb-button-f4e1f12a gb-button-text gb-button-secondary smooth-scroll\" href=\"https:\/\/ecenter.org\/es\/our-programs\/head-start-program\/\">Aprende m\u00e1s<\/a>\n\n<\/div>\n<\/div>\n\n<div class=\"gb-container gb-container-5f0730a5 gb-container-offset-right\">\n\n<figure class=\"gb-block-image gb-block-image-4b9060c9\"><img loading=\"lazy\" decoding=\"async\" width=\"1024\" height=\"768\" class=\"gb-image gb-image-4b9060c9 inset-left  gb-image-default\" src=\"https:\/\/ecenter.org\/wp-content\/uploads\/2023\/06\/Toddlers-3-1024x768.jpg\" alt=\"\" title=\"Ni\u00f1os peque\u00f1os 3\" srcset=\"https:\/\/ecenter.org\/wp-content\/uploads\/2023\/06\/Toddlers-3-1024x768.jpg 1024w, https:\/\/ecenter.org\/wp-content\/uploads\/2023\/06\/Toddlers-3-300x225.jpg 300w, https:\/\/ecenter.org\/wp-content\/uploads\/2023\/06\/Toddlers-3-768x576.jpg 768w, https:\/\/ecenter.org\/wp-content\/uploads\/2023\/06\/Toddlers-3-1536x1152.jpg 1536w, https:\/\/ecenter.org\/wp-content\/uploads\/2023\/06\/Toddlers-3-2048x1536.jpg 2048w, https:\/\/ecenter.org\/wp-content\/uploads\/2023\/06\/Toddlers-3-500x375.jpg 500w, https:\/\/ecenter.org\/wp-content\/uploads\/2023\/06\/Toddlers-3-800x600.jpg 800w, https:\/\/ecenter.org\/wp-content\/uploads\/2023\/06\/Toddlers-3-1280x960.jpg 1280w, https:\/\/ecenter.org\/wp-content\/uploads\/2023\/06\/Toddlers-3-1920x1440.jpg 1920w, https:\/\/ecenter.org\/wp-content\/uploads\/2023\/06\/Toddlers-3-1600x1200.jpg 1600w\" sizes=\"auto, (max-width: 1024px) 100vw, 1024px\" \/><\/figure>\n\n<\/div>\n<\/div>\n\n<div class=\"gb-container gb-container-150239c5 gb-container-callout\">\n<div class=\"gb-container gb-container-bb0897f6 gb-container-offset-left\">\n\n<figure class=\"gb-block-image gb-block-image-ca31d1e3\"><img loading=\"lazy\" decoding=\"async\" width=\"768\" height=\"1024\" class=\"gb-image gb-image-ca31d1e3 inset-left  gb-image-default\" src=\"https:\/\/ecenter.org\/wp-content\/uploads\/2023\/09\/IMG_4215.jpg\" alt=\"\" title=\"IMG_4215\" srcset=\"https:\/\/ecenter.org\/wp-content\/uploads\/2023\/09\/IMG_4215.jpg 768w, https:\/\/ecenter.org\/wp-content\/uploads\/2023\/09\/IMG_4215-225x300.jpg 225w, https:\/\/ecenter.org\/wp-content\/uploads\/2023\/09\/IMG_4215-9x12.jpg 9w, https:\/\/ecenter.org\/wp-content\/uploads\/2023\/09\/IMG_4215-500x667.jpg 500w\" sizes=\"auto, (max-width: 768px) 100vw, 768px\" \/><\/figure>\n\n<\/div>\n\n<div class=\"gb-container gb-container-21d185f5 gb-container-offset-right\">\n<div class=\"gb-container gb-container-f251c4dc\">\n\n<h2 class=\"gb-headline gb-headline-c523f1d2 gb-headline-text\"><strong>Cuidado infantil financiado por el estado<\/strong><\/h2>\n\n\n\n<p class=\"gb-headline gb-headline-e7857f03 gb-headline-text\">Los Servicios Generales de Desarrollo y Cuidado Infantil de E Center es un programa financiado por el estado que brinda servicios de desarrollo y cuidado infantil a familias con ni\u00f1os de hasta 36 meses de edad. Los servicios se brindan seg\u00fan los criterios de elegibilidad y necesidad de la familia, incluidos la edad, la residencia y los ingresos.<\/p>\n\n\n\n<a class=\"gb-button gb-button-7cf24152 gb-button-text gb-button-secondary smooth-scroll\" href=\"https:\/\/ecenter.org\/es\/state-funded-child-care\/\">Aprende m\u00e1s<\/a>\n\n<\/div>\n<\/div>\n<\/div>\n\n<div class=\"gb-container gb-container-bfc37ca0 gb-container-callout\">\n<div class=\"gb-container gb-container-34817310 gb-container-offset-left\">\n<div class=\"gb-container gb-container-61b22d9e gb-container-default\">\n\n<h2 class=\"gb-headline gb-headline-f2134066 gb-headline-text\"><strong>CalAIM Program<\/strong><\/h2>\n\n\n\n<p class=\"gb-headline gb-headline-a6884a75 gb-headline-text\">E Center\u2019s CalAIM Program operates in nine Northern California Counties: Butte, Colusa, Glenn, Lake, Sonoma, Sutter, Tehama, Yolo and Yuba. CalAIM is a Department of Health Care Services that has three primary goals:<\/p>\n\n\n\n<ol class=\"wp-block-list\">\n<li>Identify and manage member risk and need through Whole Person Care Approaches and addressing Social Determinants of Health <\/li>\n\n\n\n<li>Move Medi-Cal to a more consistent and seamless system by reducing complexity and increasing flexibility<\/li>\n\n\n\n<li>Improve quality outcomes and drive delivery system transformation through value-based initiatives, modernization of systems and payment reform. <\/li>\n<\/ol>\n\n\n\n<span class=\"gb-button gb-button-5aa36c0e gb-button-text gb-button-secondary smooth-scroll\">Aprende m\u00e1s<\/span>\n\n<\/div>\n<\/div>\n\n<div class=\"gb-container gb-container-e4ba60cd gb-container-offset-right\">\n\n<figure class=\"wp-block-image size-full inset-left\"><img loading=\"lazy\" decoding=\"async\" width=\"508\" height=\"339\" src=\"https:\/\/ecenter.org\/wp-content\/uploads\/2024\/11\/CalAIM.jpg\" alt=\"\" class=\"wp-image-13828\" srcset=\"https:\/\/ecenter.org\/wp-content\/uploads\/2024\/11\/CalAIM.jpg 508w, https:\/\/ecenter.org\/wp-content\/uploads\/2024\/11\/CalAIM-300x200.jpg 300w, https:\/\/ecenter.org\/wp-content\/uploads\/2024\/11\/CalAIM-50x33.jpg 50w, https:\/\/ecenter.org\/wp-content\/uploads\/2024\/11\/CalAIM-18x12.jpg 18w, https:\/\/ecenter.org\/wp-content\/uploads\/2024\/11\/CalAIM-500x334.jpg 500w\" sizes=\"auto, (max-width: 508px) 100vw, 508px\" \/><\/figure>\n\n<\/div>\n<\/div>","protected":false},"excerpt":{"rendered":"<p>Nuestro Centro de Programas E administra programas financiados por el estado y el gobierno federal en el norte de California que apoyan a ni\u00f1os y familias saludables. El programa WIC de Women, Infants and Children (WIC del condado de Lake) E Center opera en el condado de Lake California y es un programa de asistencia federal del Servicio de Alimentos y Nutrici\u00f3n (FNS) del Departamento de Agricultura de los Estados Unidos (USDA)... <\/p>\n<p class=\"read-more-container\"><a title=\"Nuestros Programas\" class=\"read-more button\" href=\"https:\/\/ecenter.org\/es\/our-programs\/#more-16\" aria-label=\"Read more about Our Programs\">Leer m\u00e1s<\/a><\/p>","protected":false},"author":1,"featured_media":0,"parent":0,"menu_order":0,"comment_status":"closed","ping_status":"closed","template":"","meta":{"_acf_changed":false,"_seopress_robots_primary_cat":"","_seopress_titles_title":"","_seopress_titles_desc":"","_seopress_robots_index":"","footnotes":""},"class_list":{"0":"post-16","1":"page","2":"type-page","3":"status-publish","5":"no-featured-image-padding"},"acf":[],"_links":{"self":[{"href":"https:\/\/ecenter.org\/es\/wp-json\/wp\/v2\/pages\/16","targetHints":{"allow":["GET"]}}],"collection":[{"href":"https:\/\/ecenter.org\/es\/wp-json\/wp\/v2\/pages"}],"about":[{"href":"https:\/\/ecenter.org\/es\/wp-json\/wp\/v2\/types\/page"}],"author":[{"embeddable":true,"href":"https:\/\/ecenter.org\/es\/wp-json\/wp\/v2\/users\/1"}],"replies":[{"embeddable":true,"href":"https:\/\/ecenter.org\/es\/wp-json\/wp\/v2\/comments?post=16"}],"version-history":[{"count":18,"href":"https:\/\/ecenter.org\/es\/wp-json\/wp\/v2\/pages\/16\/revisions"}],"predecessor-version":[{"id":13829,"href":"https:\/\/ecenter.org\/es\/wp-json\/wp\/v2\/pages\/16\/revisions\/13829"}],"wp:attachment":[{"href":"https:\/\/ecenter.org\/es\/wp-json\/wp\/v2\/media?parent=16"}],"curies":[{"name":"wp","href":"https:\/\/api.w.org\/{rel}","templated":true}]}}