{"id":561,"date":"2023-06-29T08:54:06","date_gmt":"2023-06-29T15:54:06","guid":{"rendered":"https:\/\/ecenter.org\/?page_id=561"},"modified":"2025-08-22T16:14:42","modified_gmt":"2025-08-22T23:14:42","slug":"state-funded-child-care","status":"publish","type":"page","link":"https:\/\/ecenter.org\/es\/our-programs\/state-funded-child-care\/","title":{"rendered":"Cuidado infantil financiado por el estado"},"content":{"rendered":"<div class=\"gb-container gb-container-3f682b62 gb-container-default\">\n<div class=\"gb-container gb-container-b31eedb1\">\n\n<h2 class=\"gb-headline gb-headline-16c798a5 gb-headline-text gb-headline-hero-headline\"><strong>Cuidado infantil financiado por el estado<\/strong><\/h2>\n\n<\/div>\n<\/div>\n\n<div class=\"gb-container gb-container-f7bd305b gb-container-callout\">\n<div class=\"gb-container gb-container-51eb91e3 gb-container-offset-left\">\n<div class=\"gb-container gb-container-ca573ad0 gb-container-default\">\n\n<h2 class=\"gb-headline gb-headline-28f8236f gb-headline-text\"><strong>E Centro de Cuidado Infantil Financiado por el Estado<\/strong><\/h2>\n\n\n\n<p class=\"gb-headline gb-headline-545c13c1 gb-headline-text\">El programa general de cuidado y desarrollo infantil financiado por el estado de E Center proporciona un componente educativo que es apropiado desde el punto de vista cultural, ling\u00fc\u00edstico y de desarrollo para los ni\u00f1os atendidos. Estos programas tambi\u00e9n brindan comidas y meriendas a los ni\u00f1os, educaci\u00f3n para los padres y referencias a servicios sociales y de salud para las familias. Actualmente se ofrece en los condados de Butte, Sutter y Yuba.<\/p>\n\n\n\n<p>Si tiene preguntas, env\u00ede un correo electr\u00f3nico <a href=\"mailto:ecenterenroll@ecenter.org\" data-type=\"mailto\" data-id=\"mailto:ecenterenrollenroll@ecenter.org\">ecenterenroll@ecenter.org<\/a><\/p>\n\n\n\n<a class=\"gb-button gb-button-d48486cc gb-button-text gb-button-secondary smooth-scroll\" href=\"https:\/\/ecenter.org\/wp-content\/uploads\/2025\/08\/Intake-Form-2025.pdf\" target=\"_blank\" rel=\"noopener noreferrer\">Descargue NUESTRO FORMULARIO DE ADMISI\u00d3N<\/a>\n\n\n\n<a class=\"gb-button gb-button-5a4b9250 gb-button-text gb-button-primary smooth-scroll\" href=\"https:\/\/ecenter.org\/wp-content\/uploads\/2025\/08\/E-Center-Child-Development-Program-Brochure.pdf\" target=\"_blank\" rel=\"noopener noreferrer\">Descargar folleto<\/a>\n\n\n\n<a class=\"gb-button gb-button-28848732 gb-button-text gb-button-secondary smooth-scroll\" href=\"https:\/\/ecenter.org\/es\/our-programs\/head-start-program\/head-start-locations\/?_head_start_services=cctr\" target=\"_blank\" rel=\"noopener noreferrer\">Ubicaciones<\/a>\n\n<\/div>\n<\/div>\n\n<div class=\"gb-container gb-container-66deeee5 gb-container-offset-right\">\n\n<figure class=\"gb-block-image gb-block-image-bf13d247\"><img loading=\"lazy\" decoding=\"async\" width=\"1024\" height=\"680\" class=\"gb-image gb-image-bf13d247\" src=\"https:\/\/ecenter.org\/wp-content\/uploads\/2023\/08\/AdobeStock_169557997-1024x680.jpeg\" alt=\"\" title=\"Familia divirti\u00e9ndose en casa\" srcset=\"https:\/\/ecenter.org\/wp-content\/uploads\/2023\/08\/AdobeStock_169557997-1024x680.jpeg 1024w, https:\/\/ecenter.org\/wp-content\/uploads\/2023\/08\/AdobeStock_169557997-300x199.jpeg 300w, https:\/\/ecenter.org\/wp-content\/uploads\/2023\/08\/AdobeStock_169557997-768x510.jpeg 768w, https:\/\/ecenter.org\/wp-content\/uploads\/2023\/08\/AdobeStock_169557997-1600x1063.jpeg 1600w\" sizes=\"auto, (max-width: 1024px) 100vw, 1024px\" \/><\/figure>\n\n<\/div>\n<\/div>","protected":false},"excerpt":{"rendered":"<p>Centro E de cuidado infantil financiado por el estado El programa general de cuidado y desarrollo infantil financiado por el estado del Centro E de cuidado infantil financiado por el estado proporciona un componente educativo que es cultural, ling\u00fc\u00edstica y de desarrollo apropiado para los ni\u00f1os atendidos. Estos programas tambi\u00e9n brindan comidas y refrigerios a los ni\u00f1os, educaci\u00f3n para los padres y derivaciones a servicios sociales y de salud para las familias. \u2026 <\/p>\n<p class=\"read-more-container\"><a title=\"Cuidado infantil financiado por el estado\" class=\"read-more button\" href=\"https:\/\/ecenter.org\/es\/our-programs\/state-funded-child-care\/#more-561\" aria-label=\"Read more about State Funded Child Care\">Leer m\u00e1s<\/a><\/p>","protected":false},"author":1,"featured_media":0,"parent":16,"menu_order":0,"comment_status":"closed","ping_status":"closed","template":"","meta":{"_acf_changed":false,"_seopress_robots_primary_cat":"","_seopress_titles_title":"","_seopress_titles_desc":"","_seopress_robots_index":"","footnotes":""},"class_list":{"0":"post-561","1":"page","2":"type-page","3":"status-publish","5":"no-featured-image-padding"},"acf":[],"_links":{"self":[{"href":"https:\/\/ecenter.org\/es\/wp-json\/wp\/v2\/pages\/561","targetHints":{"allow":["GET"]}}],"collection":[{"href":"https:\/\/ecenter.org\/es\/wp-json\/wp\/v2\/pages"}],"about":[{"href":"https:\/\/ecenter.org\/es\/wp-json\/wp\/v2\/types\/page"}],"author":[{"embeddable":true,"href":"https:\/\/ecenter.org\/es\/wp-json\/wp\/v2\/users\/1"}],"replies":[{"embeddable":true,"href":"https:\/\/ecenter.org\/es\/wp-json\/wp\/v2\/comments?post=561"}],"version-history":[{"count":9,"href":"https:\/\/ecenter.org\/es\/wp-json\/wp\/v2\/pages\/561\/revisions"}],"predecessor-version":[{"id":18718,"href":"https:\/\/ecenter.org\/es\/wp-json\/wp\/v2\/pages\/561\/revisions\/18718"}],"up":[{"embeddable":true,"href":"https:\/\/ecenter.org\/es\/wp-json\/wp\/v2\/pages\/16"}],"wp:attachment":[{"href":"https:\/\/ecenter.org\/es\/wp-json\/wp\/v2\/media?parent=561"}],"curies":[{"name":"wp","href":"https:\/\/api.w.org\/{rel}","templated":true}]}}