{"id":612,"date":"2023-06-29T11:06:24","date_gmt":"2023-06-29T18:06:24","guid":{"rendered":"https:\/\/ecenter.org\/?page_id=612"},"modified":"2026-04-01T08:24:51","modified_gmt":"2026-04-01T15:24:51","slug":"wic","status":"publish","type":"page","link":"https:\/\/ecenter.org\/es\/our-programs\/wic\/","title":{"rendered":"WIC"},"content":{"rendered":"<div class=\"gb-container gb-container-3f682b62 gb-container-default\">\n<div class=\"gb-container gb-container-b31eedb1\">\n\n<h2 class=\"gb-headline gb-headline-16c798a5 gb-headline-text gb-headline-hero-headline\"><strong>Programa para mujeres, beb\u00e9s y ni\u00f1os (WIC) del Centro E<\/strong><\/h2>\n\n\n\n<p class=\"gb-headline gb-headline-3c4487a5 gb-headline-text\">WIC es un programa de nutrici\u00f3n que sirve para salvaguardar la salud de mujeres de bajos ingresos embarazadas, en posparto y lactantes, beb\u00e9s y ni\u00f1os de hasta 5 a\u00f1os que se encuentran en riesgo nutricional al brindarles alimentos nutritivos para complementar las dietas, informaci\u00f3n sobre alimentaci\u00f3n saludable, incluida la lactancia materna. promoci\u00f3n y apoyo, y referencias a recursos comunitarios y de atenci\u00f3n m\u00e9dica. \u00a1Los pap\u00e1s, abuelos, padres adoptivos de ni\u00f1os peque\u00f1os y familias trabajadoras tambi\u00e9n son bienvenidos a WIC!<\/p>\n\n\n\n<p class=\"gb-headline gb-headline-de43451f gb-headline-text\"><em>Para aplicar: llame al (707) 263-5253 o env\u00edenos un correo electr\u00f3nico a&nbsp;<\/em><a href=\"mailto:lakewiconline@ecenter.org\"><em>lakewiconline@ecenter.org<\/em><\/a><em>&nbsp;para ayuda.<\/em><\/p>\n\n<\/div>\n<\/div>\n\n<div class=\"gb-container gb-container-f7bd305b gb-container-callout\">\n<div class=\"gb-container gb-container-66deeee5 gb-container-offset-left\">\n\n<figure class=\"wp-block-image size-full\"><img loading=\"lazy\" decoding=\"async\" width=\"956\" height=\"744\" src=\"https:\/\/ecenter.org\/wp-content\/uploads\/2026\/03\/WIC-April-2026.png\" alt=\"\" class=\"wp-image-22181\" srcset=\"https:\/\/ecenter.org\/wp-content\/uploads\/2026\/03\/WIC-April-2026.png 956w, https:\/\/ecenter.org\/wp-content\/uploads\/2026\/03\/WIC-April-2026-300x233.png 300w, https:\/\/ecenter.org\/wp-content\/uploads\/2026\/03\/WIC-April-2026-768x598.png 768w, https:\/\/ecenter.org\/wp-content\/uploads\/2026\/03\/WIC-April-2026-50x39.png 50w, https:\/\/ecenter.org\/wp-content\/uploads\/2026\/03\/WIC-April-2026-15x12.png 15w, https:\/\/ecenter.org\/wp-content\/uploads\/2026\/03\/WIC-April-2026-500x389.png 500w, https:\/\/ecenter.org\/wp-content\/uploads\/2026\/03\/WIC-April-2026-800x623.png 800w\" sizes=\"auto, (max-width: 956px) 100vw, 956px\" \/><\/figure>\n\n<\/div>\n\n<div class=\"gb-container gb-container-51eb91e3 gb-container-offset-right\">\n<div class=\"gb-container gb-container-ca573ad0 gb-container-default\">\n\n<h2 class=\"gb-headline gb-headline-28f8236f gb-headline-text\">Descarga nuestro Calendario<\/h2>\n\n\n\n<p>PARA CITAS POR FAVOR LLAME:<br>707-263-5253 O 707-994-1151<\/p>\n\n\n\n<a class=\"gb-button gb-button-5149d56b gb-button-secondary\" href=\"https:\/\/ecenter.org\/wp-content\/uploads\/2025\/12\/WIC-Mar-2026.pdf\" target=\"_blank\" rel=\"noopener noreferrer\"><span class=\"gb-icon\"><svg aria-hidden=\"true\" role=\"img\" height=\"1em\" width=\"1em\" viewbox=\"0 0 448 512\" xmlns=\"http:\/\/www.w3.org\/2000\/svg\"><path fill=\"currentColor\" d=\"M148 288h-40c-6.6 0-12-5.4-12-12v-40c0-6.6 5.4-12 12-12h40c6.6 0 12 5.4 12 12v40c0 6.6-5.4 12-12 12zm108-12v-40c0-6.6-5.4-12-12-12h-40c-6.6 0-12 5.4-12 12v40c0 6.6 5.4 12 12 12h40c6.6 0 12-5.4 12-12zm96 0v-40c0-6.6-5.4-12-12-12h-40c-6.6 0-12 5.4-12 12v40c0 6.6 5.4 12 12 12h40c6.6 0 12-5.4 12-12zm-96 96v-40c0-6.6-5.4-12-12-12h-40c-6.6 0-12 5.4-12 12v40c0 6.6 5.4 12 12 12h40c6.6 0 12-5.4 12-12zm-96 0v-40c0-6.6-5.4-12-12-12h-40c-6.6 0-12 5.4-12 12v40c0 6.6 5.4 12 12 12h40c6.6 0 12-5.4 12-12zm192 0v-40c0-6.6-5.4-12-12-12h-40c-6.6 0-12 5.4-12 12v40c0 6.6 5.4 12 12 12h40c6.6 0 12-5.4 12-12zm96-260v352c0 26.5-21.5 48-48 48H48c-26.5 0-48-21.5-48-48V112c0-26.5 21.5-48 48-48h48V12c0-6.6 5.4-12 12-12h40c6.6 0 12 5.4 12 12v52h128V12c0-6.6 5.4-12 12-12h40c6.6 0 12 5.4 12 12v52h48c26.5 0 48 21.5 48 48zm-48 346V160H48v298c0 3.3 2.7 6 6 6h340c3.3 0 6-2.7 6-6z\"><\/path><\/svg><\/span><span class=\"gb-button-text\">March 2026<\/span><\/a>\n\n\n\n<a class=\"gb-button gb-button-fd0d0830 gb-button-secondary\" href=\"https:\/\/ecenter.org\/wp-content\/uploads\/2026\/03\/WIC-April-2026.pdf\" target=\"_blank\" rel=\"noopener noreferrer\"><span class=\"gb-icon\"><svg aria-hidden=\"true\" role=\"img\" height=\"1em\" width=\"1em\" viewbox=\"0 0 448 512\" xmlns=\"http:\/\/www.w3.org\/2000\/svg\"><path fill=\"currentColor\" d=\"M148 288h-40c-6.6 0-12-5.4-12-12v-40c0-6.6 5.4-12 12-12h40c6.6 0 12 5.4 12 12v40c0 6.6-5.4 12-12 12zm108-12v-40c0-6.6-5.4-12-12-12h-40c-6.6 0-12 5.4-12 12v40c0 6.6 5.4 12 12 12h40c6.6 0 12-5.4 12-12zm96 0v-40c0-6.6-5.4-12-12-12h-40c-6.6 0-12 5.4-12 12v40c0 6.6 5.4 12 12 12h40c6.6 0 12-5.4 12-12zm-96 96v-40c0-6.6-5.4-12-12-12h-40c-6.6 0-12 5.4-12 12v40c0 6.6 5.4 12 12 12h40c6.6 0 12-5.4 12-12zm-96 0v-40c0-6.6-5.4-12-12-12h-40c-6.6 0-12 5.4-12 12v40c0 6.6 5.4 12 12 12h40c6.6 0 12-5.4 12-12zm192 0v-40c0-6.6-5.4-12-12-12h-40c-6.6 0-12 5.4-12 12v40c0 6.6 5.4 12 12 12h40c6.6 0 12-5.4 12-12zm96-260v352c0 26.5-21.5 48-48 48H48c-26.5 0-48-21.5-48-48V112c0-26.5 21.5-48 48-48h48V12c0-6.6 5.4-12 12-12h40c6.6 0 12 5.4 12 12v52h128V12c0-6.6 5.4-12 12-12h40c6.6 0 12 5.4 12 12v52h48c26.5 0 48 21.5 48 48zm-48 346V160H48v298c0 3.3 2.7 6 6 6h340c3.3 0 6-2.7 6-6z\"><\/path><\/svg><\/span><span class=\"gb-button-text\">April 2026<\/span><\/a>\n\n\n\n<a class=\"gb-button gb-button-63cd539e gb-button-secondary\" href=\"https:\/\/ecenter.org\/wp-content\/uploads\/2026\/03\/WIC-May-2026.pdf\" target=\"_blank\" rel=\"noopener noreferrer\"><span class=\"gb-icon\"><svg aria-hidden=\"true\" role=\"img\" height=\"1em\" width=\"1em\" viewbox=\"0 0 448 512\" xmlns=\"http:\/\/www.w3.org\/2000\/svg\"><path fill=\"currentColor\" d=\"M148 288h-40c-6.6 0-12-5.4-12-12v-40c0-6.6 5.4-12 12-12h40c6.6 0 12 5.4 12 12v40c0 6.6-5.4 12-12 12zm108-12v-40c0-6.6-5.4-12-12-12h-40c-6.6 0-12 5.4-12 12v40c0 6.6 5.4 12 12 12h40c6.6 0 12-5.4 12-12zm96 0v-40c0-6.6-5.4-12-12-12h-40c-6.6 0-12 5.4-12 12v40c0 6.6 5.4 12 12 12h40c6.6 0 12-5.4 12-12zm-96 96v-40c0-6.6-5.4-12-12-12h-40c-6.6 0-12 5.4-12 12v40c0 6.6 5.4 12 12 12h40c6.6 0 12-5.4 12-12zm-96 0v-40c0-6.6-5.4-12-12-12h-40c-6.6 0-12 5.4-12 12v40c0 6.6 5.4 12 12 12h40c6.6 0 12-5.4 12-12zm192 0v-40c0-6.6-5.4-12-12-12h-40c-6.6 0-12 5.4-12 12v40c0 6.6 5.4 12 12 12h40c6.6 0 12-5.4 12-12zm96-260v352c0 26.5-21.5 48-48 48H48c-26.5 0-48-21.5-48-48V112c0-26.5 21.5-48 48-48h48V12c0-6.6 5.4-12 12-12h40c6.6 0 12 5.4 12 12v52h128V12c0-6.6 5.4-12 12-12h40c6.6 0 12 5.4 12 12v52h48c26.5 0 48 21.5 48 48zm-48 346V160H48v298c0 3.3 2.7 6 6 6h340c3.3 0 6-2.7 6-6z\"><\/path><\/svg><\/span><span class=\"gb-button-text\">May 2026<\/span><\/a>\n\n\n\n<a class=\"gb-button gb-button-1ee91294 gb-button-secondary\" href=\"https:\/\/ecenter.org\/wp-content\/uploads\/2026\/03\/WIC-June-2026.pdf\" target=\"_blank\" rel=\"noopener noreferrer\"><span class=\"gb-icon\"><svg aria-hidden=\"true\" role=\"img\" height=\"1em\" width=\"1em\" viewbox=\"0 0 448 512\" xmlns=\"http:\/\/www.w3.org\/2000\/svg\"><path fill=\"currentColor\" d=\"M148 288h-40c-6.6 0-12-5.4-12-12v-40c0-6.6 5.4-12 12-12h40c6.6 0 12 5.4 12 12v40c0 6.6-5.4 12-12 12zm108-12v-40c0-6.6-5.4-12-12-12h-40c-6.6 0-12 5.4-12 12v40c0 6.6 5.4 12 12 12h40c6.6 0 12-5.4 12-12zm96 0v-40c0-6.6-5.4-12-12-12h-40c-6.6 0-12 5.4-12 12v40c0 6.6 5.4 12 12 12h40c6.6 0 12-5.4 12-12zm-96 96v-40c0-6.6-5.4-12-12-12h-40c-6.6 0-12 5.4-12 12v40c0 6.6 5.4 12 12 12h40c6.6 0 12-5.4 12-12zm-96 0v-40c0-6.6-5.4-12-12-12h-40c-6.6 0-12 5.4-12 12v40c0 6.6 5.4 12 12 12h40c6.6 0 12-5.4 12-12zm192 0v-40c0-6.6-5.4-12-12-12h-40c-6.6 0-12 5.4-12 12v40c0 6.6 5.4 12 12 12h40c6.6 0 12-5.4 12-12zm96-260v352c0 26.5-21.5 48-48 48H48c-26.5 0-48-21.5-48-48V112c0-26.5 21.5-48 48-48h48V12c0-6.6 5.4-12 12-12h40c6.6 0 12 5.4 12 12v52h128V12c0-6.6 5.4-12 12-12h40c6.6 0 12 5.4 12 12v52h48c26.5 0 48 21.5 48 48zm-48 346V160H48v298c0 3.3 2.7 6 6 6h340c3.3 0 6-2.7 6-6z\"><\/path><\/svg><\/span><span class=\"gb-button-text\">June 2026<\/span><\/a>\n\n<\/div>\n<\/div>\n<\/div>\n\n<div class=\"gb-container gb-container-1d094045 gb-container-default\">\n<div class=\"gb-container gb-container-f5b97239 gb-accordion\">\n<div class=\"gb-container gb-container-1ed0e172 gb-accordion__item gb-accordion__item-open\" data-transition=\"slide\">\n\n<button class=\"gb-button gb-button-ccb07d67 gb-accordion__toggle gb-block-is-current\" id=\"gb-accordion-toggle-ccb07d67\"><span class=\"gb-button-text\">Vea nuestras ubicaciones de WIC<\/span><span class=\"gb-icon\"><svg xmlns=\"http:\/\/www.w3.org\/2000\/svg\" viewbox=\"0 0 448 512\" width=\"1em\" height=\"1em\" ariahidden=\"true\" role=\"img\" class=\"gb-accordion__icon\"><path d=\"M207.029 381.476L12.686 187.132c-9.373-9.373-9.373-24.569 0-33.941l22.667-22.667c9.357-9.357 24.522-9.375 33.901-.04L224 284.505l154.745-154.021c9.379-9.335 24.544-9.317 33.901.04l22.667 22.667c9.373 9.373 9.373 24.569 0 33.941L240.971 381.476c-9.373 9.372-24.569 9.372-33.942 0z\" fill=\"currentColor\"><\/path><\/svg><svg xmlns=\"http:\/\/www.w3.org\/2000\/svg\" viewbox=\"0 0 448 512\" width=\"1em\" height=\"1em\" ariahidden=\"true\" role=\"img\" class=\"gb-accordion__icon-open\"><path d=\"M240.971 130.524l194.343 194.343c9.373 9.373 9.373 24.569 0 33.941l-22.667 22.667c-9.357 9.357-24.522 9.375-33.901.04L224 227.495 69.255 381.516c-9.379 9.335-24.544 9.317-33.901-.04l-22.667-22.667c-9.373-9.373-9.373-24.569 0-33.941L207.03 130.525c9.372-9.373 24.568-9.373 33.941-.001z\" fill=\"currentColor\"><\/path><\/svg><\/span><\/button>\n\n\n<div id=\"gb-accordion-content-5418093e\" class=\"gb-accordion__content\"><div class=\"gb-container gb-container-5418093e\">\n<div class=\"gb-container gb-container-80d368be gb-container-callout\">\n<div class=\"gb-container gb-container-ef511274 gb-container-offset-left\">\n\n<figure class=\"gb-block-image gb-block-image-4b31289c\"><img loading=\"lazy\" decoding=\"async\" width=\"1024\" height=\"768\" class=\"gb-image gb-image-4b31289c inset-left  gb-image-default\" src=\"https:\/\/ecenter.org\/wp-content\/uploads\/2025\/10\/WIC-Lakeport-1024x768.jpg\" alt=\"\" title=\"WIC Lakeport\" srcset=\"https:\/\/ecenter.org\/wp-content\/uploads\/2025\/10\/WIC-Lakeport-1024x768.jpg 1024w, https:\/\/ecenter.org\/wp-content\/uploads\/2025\/10\/WIC-Lakeport-300x225.jpg 300w, https:\/\/ecenter.org\/wp-content\/uploads\/2025\/10\/WIC-Lakeport-768x576.jpg 768w, https:\/\/ecenter.org\/wp-content\/uploads\/2025\/10\/WIC-Lakeport-50x38.jpg 50w, https:\/\/ecenter.org\/wp-content\/uploads\/2025\/10\/WIC-Lakeport-scaled.jpg 1600w, https:\/\/ecenter.org\/wp-content\/uploads\/2025\/10\/WIC-Lakeport-1536x1152.jpg 1536w, https:\/\/ecenter.org\/wp-content\/uploads\/2025\/10\/WIC-Lakeport-16x12.jpg 16w, https:\/\/ecenter.org\/wp-content\/uploads\/2025\/10\/WIC-Lakeport-500x375.jpg 500w, https:\/\/ecenter.org\/wp-content\/uploads\/2025\/10\/WIC-Lakeport-800x600.jpg 800w, https:\/\/ecenter.org\/wp-content\/uploads\/2025\/10\/WIC-Lakeport-1280x960.jpg 1280w\" sizes=\"auto, (max-width: 1024px) 100vw, 1024px\" \/><\/figure>\n\n<\/div>\n\n<div class=\"gb-container gb-container-0bd812de gb-container-offset-right\">\n<div class=\"gb-container gb-container-17e62427 gb-container-default\">\n\n<h2 class=\"gb-headline gb-headline-3a16c3a2 gb-headline-text\">Oficina principal<br>en Lakeport<\/h2>\n\n\n\n<p>831 Bevins Street, Lakeport, CA 95453-9755<br>Tel\u00e9fono: 707-263-5253<br>Fax: 707-263-4183<\/p>\n\n\n\n<a class=\"gb-button gb-button-d48486cc gb-button-text gb-button-secondary smooth-scroll\" href=\"https:\/\/www.google.com\/maps\/place\/831+Bevins+St,+Lakeport,+CA+95453\/@39.0361064,-122.9249134,17z\/data=!3m1!4b1!4m2!3m1!1s0x8083e5c3102d9ddd:0x9d032eff363d1a54\">Obtener las direcciones<\/a>\n\n<\/div>\n<\/div>\n<\/div>\n\n<div class=\"gb-container gb-container-3e7c7e14 gb-container-callout\">\n<div class=\"gb-container gb-container-9904a710 gb-container-offset-left\">\n<div class=\"gb-container gb-container-c0ac50fa gb-container-default\">\n\n<h2 class=\"gb-headline gb-headline-55228c78 gb-headline-text\">Oficina de Clearlake<\/h2>\n\n\n\n<p class=\"gb-headline gb-headline-545c13c1 gb-headline-text\">14085-4 Lakeshore Drive, Clearlake, CA 95422 <br>Tel\u00e9fono: 707-263-5253<br>Fax: 707-263-4183<\/p>\n\n\n\n<a class=\"gb-button gb-button-a253fdaa gb-button-text gb-button-secondary smooth-scroll\" href=\"https:\/\/www.google.com\/maps\/place\/14085+Lakeshore+Dr,+Clearlake,+CA+95422\/@38.958498,-122.64932,17z\/data=!3m1!4b1!4m2!3m1!1s0x80838bc79bdb8a75:0x1a425bccdbed30b1\" target=\"_blank\" rel=\"noopener noreferrer\">OBTENER LAS DIRECCIONES<\/a>\n\n<\/div>\n<\/div>\n\n<div class=\"gb-container gb-container-3ea55d9e gb-container-offset-right\">\n\n<figure class=\"gb-block-image gb-block-image-5a43e667\"><img loading=\"lazy\" decoding=\"async\" width=\"1024\" height=\"620\" class=\"gb-image gb-image-5a43e667 inset-left  gb-image-default\" src=\"https:\/\/ecenter.org\/wp-content\/uploads\/2025\/10\/WIC-Clearlake--1024x620.jpeg\" alt=\"\" title=\"WIC Clearlake\" srcset=\"https:\/\/ecenter.org\/wp-content\/uploads\/2025\/10\/WIC-Clearlake--1024x620.jpeg 1024w, https:\/\/ecenter.org\/wp-content\/uploads\/2025\/10\/WIC-Clearlake--300x182.jpeg 300w, https:\/\/ecenter.org\/wp-content\/uploads\/2025\/10\/WIC-Clearlake--768x465.jpeg 768w, https:\/\/ecenter.org\/wp-content\/uploads\/2025\/10\/WIC-Clearlake--50x30.jpeg 50w, https:\/\/ecenter.org\/wp-content\/uploads\/2025\/10\/WIC-Clearlake--1600x969.jpeg 1600w, https:\/\/ecenter.org\/wp-content\/uploads\/2025\/10\/WIC-Clearlake--2200x1333.jpeg 1980w, https:\/\/ecenter.org\/wp-content\/uploads\/2025\/10\/WIC-Clearlake--1536x930.jpeg 1536w, https:\/\/ecenter.org\/wp-content\/uploads\/2025\/10\/WIC-Clearlake--2048x1241.jpeg 2048w, https:\/\/ecenter.org\/wp-content\/uploads\/2025\/10\/WIC-Clearlake--18x12.jpeg 18w, https:\/\/ecenter.org\/wp-content\/uploads\/2025\/10\/WIC-Clearlake--500x303.jpeg 500w, https:\/\/ecenter.org\/wp-content\/uploads\/2025\/10\/WIC-Clearlake--800x485.jpeg 800w, https:\/\/ecenter.org\/wp-content\/uploads\/2025\/10\/WIC-Clearlake--1280x775.jpeg 1280w, https:\/\/ecenter.org\/wp-content\/uploads\/2025\/10\/WIC-Clearlake--1920x1163.jpeg 1920w, https:\/\/ecenter.org\/wp-content\/uploads\/2025\/10\/WIC-Clearlake-.jpeg 1981w\" sizes=\"auto, (max-width: 1024px) 100vw, 1024px\" \/><\/figure>\n\n<\/div>\n<\/div>\n\n<div class=\"gb-container gb-container-9dfc3c59 gb-container-callout\">\n<div class=\"gb-container gb-container-7b3cc5d9 gb-container-offset-left\">\n\n<figure class=\"gb-block-image gb-block-image-bbdd5b7c\"><img loading=\"lazy\" decoding=\"async\" width=\"1024\" height=\"768\" class=\"gb-image gb-image-bbdd5b7c inset-left  gb-image-default\" src=\"https:\/\/ecenter.org\/wp-content\/uploads\/2023\/06\/WIC-MIddletown-Clinic-1024x768.jpg\" alt=\"\" title=\"C\u00e1mara fotogr\u00e1fica digital KODAK\" srcset=\"https:\/\/ecenter.org\/wp-content\/uploads\/2023\/06\/WIC-MIddletown-Clinic-1024x768.jpg 1024w, https:\/\/ecenter.org\/wp-content\/uploads\/2023\/06\/WIC-MIddletown-Clinic-300x225.jpg 300w, https:\/\/ecenter.org\/wp-content\/uploads\/2023\/06\/WIC-MIddletown-Clinic-768x576.jpg 768w, https:\/\/ecenter.org\/wp-content\/uploads\/2023\/06\/WIC-MIddletown-Clinic-1536x1152.jpg 1536w, https:\/\/ecenter.org\/wp-content\/uploads\/2023\/06\/WIC-MIddletown-Clinic-2048x1536.jpg 2048w, https:\/\/ecenter.org\/wp-content\/uploads\/2023\/06\/WIC-MIddletown-Clinic-16x12.jpg 16w, https:\/\/ecenter.org\/wp-content\/uploads\/2023\/06\/WIC-MIddletown-Clinic-500x375.jpg 500w, https:\/\/ecenter.org\/wp-content\/uploads\/2023\/06\/WIC-MIddletown-Clinic-800x600.jpg 800w, https:\/\/ecenter.org\/wp-content\/uploads\/2023\/06\/WIC-MIddletown-Clinic-1280x960.jpg 1280w, https:\/\/ecenter.org\/wp-content\/uploads\/2023\/06\/WIC-MIddletown-Clinic-1920x1440.jpg 1920w, https:\/\/ecenter.org\/wp-content\/uploads\/2023\/06\/WIC-MIddletown-Clinic-1600x1200.jpg 1600w\" sizes=\"auto, (max-width: 1024px) 100vw, 1024px\" \/><\/figure>\n\n<\/div>\n\n<div class=\"gb-container gb-container-f6ecb02a gb-container-offset-right\">\n<div class=\"gb-container gb-container-67b07144 gb-container-default\">\n\n<h2 class=\"gb-headline gb-headline-a23a9acd gb-headline-text\">Cl\u00ednica Middletown<\/h2>\n\n\n\n<p>21244 Carretera estatal 175, Middletown, CA 95461<br>Tel\u00e9fono: 707-263-5253<br>Primer viernes de cada mes<\/p>\n\n\n\n<a class=\"gb-button gb-button-d70f5b5e gb-button-text gb-button-secondary smooth-scroll\" href=\"https:\/\/www.google.com\/maps\/place\/15576+Graham+Rd,+Middletown,+CA+95461\/@38.752476,-122.619187,17z\/data=!3m1!4b1!4m2!3m1!1s0x80846e0d0215a583:0xc5ae748ff2ad7a6f\" target=\"_blank\" rel=\"noopener noreferrer\">Obtener las direcciones<\/a>\n\n<\/div>\n<\/div>\n<\/div>\n\n<div class=\"gb-container gb-container-79b741a1 gb-container-callout\">\n<div class=\"gb-container gb-container-83aee9b4 gb-container-offset-left\">\n<div class=\"gb-container gb-container-09784bca gb-container-default\">\n\n<h2 class=\"gb-headline gb-headline-7b510d92 gb-headline-text\">Cl\u00ednica de Lucerna<\/h2>\n\n\n\n<p class=\"gb-headline gb-headline-034fc554 gb-headline-text\">3863 Country Club Drive, Lucerna, CA 95458<br>Tel\u00e9fono: 707-263-5253<br>Segundo viernes de cada mes<\/p>\n\n\n\n<a class=\"gb-button gb-button-c4f0e85e gb-button-text gb-button-secondary smooth-scroll\" href=\"https:\/\/www.google.com\/maps\/place\/3863+Country+Club+Dr,+Lucerne,+CA+95458\/@39.090527,-122.791957,17z\/data=!3m1!4b1!4m2!3m1!1s0x8083ebf67396405b:0x3fce68396af4771e\" target=\"_blank\" rel=\"noopener noreferrer\">OBTENER LAS DIRECCIONES<\/a>\n\n<\/div>\n<\/div>\n\n<div class=\"gb-container gb-container-abf8c400 gb-container-offset-right\">\n\n<figure class=\"gb-block-image gb-block-image-72ec67d3\"><img loading=\"lazy\" decoding=\"async\" width=\"960\" height=\"720\" class=\"gb-image gb-image-72ec67d3 inset-left  gb-image-default\" src=\"https:\/\/ecenter.org\/wp-content\/uploads\/2024\/06\/Lucerne.jpg\" alt=\"\" title=\"Lucerne\" srcset=\"https:\/\/ecenter.org\/wp-content\/uploads\/2024\/06\/Lucerne.jpg 960w, https:\/\/ecenter.org\/wp-content\/uploads\/2024\/06\/Lucerne-300x225.jpg 300w, https:\/\/ecenter.org\/wp-content\/uploads\/2024\/06\/Lucerne-768x576.jpg 768w, https:\/\/ecenter.org\/wp-content\/uploads\/2024\/06\/Lucerne-50x38.jpg 50w, https:\/\/ecenter.org\/wp-content\/uploads\/2024\/06\/Lucerne-16x12.jpg 16w, https:\/\/ecenter.org\/wp-content\/uploads\/2024\/06\/Lucerne-500x375.jpg 500w, https:\/\/ecenter.org\/wp-content\/uploads\/2024\/06\/Lucerne-800x600.jpg 800w\" sizes=\"auto, (max-width: 960px) 100vw, 960px\" \/><\/figure>\n\n<\/div>\n<\/div>\n<\/div><\/div>\n<\/div>\n<\/div>\n<\/div>\n\n<div class=\"gb-container gb-container-b8dca4b6\">\n<div class=\"gb-container gb-container-46f4ac12 gb-container-medium\">\n<div class=\"gb-container gb-container-0d7ad67a\">\n\n<h2 class=\"gb-headline gb-headline-e0e5bf37 gb-headline-text\"><a href=\"https:\/\/myfamily.wic.ca.gov\/Home\/AmIEligible\">\u00bfCalifico?<\/a><\/h2>\n\n\n\n<p class=\"gb-headline gb-headline-bb2ccea2 gb-headline-text\">Para calificar para WIC, debe cumplir con los <a href=\"https:\/\/ecenter.org\/wp-content\/uploads\/2025\/05\/WIC-Income-Guidelines-Table-2025.pdf\" target=\"_blank\" rel=\"noreferrer noopener\">Income Guidelines (PDF)<\/a> and <a href=\"https:\/\/ecenter.org\/wp-content\/uploads\/2025\/05\/WIC-Income-Guideline-Table-Spanish-2025.pdf\" target=\"_blank\" rel=\"noreferrer noopener\">Income Guidelines Spanish<\/a> be in any of the categories below:<br>\u2022 Una mujer embarazada<br>\u2022 Una mujer que amamanta a un beb\u00e9 menor de 1 a\u00f1o.<br>\u2022 Una mujer que tuvo un beb\u00e9 o estuvo embarazada en los \u00faltimos 6 meses.<br>\u2022 Un beb\u00e9 hasta su primer cumplea\u00f1os<br>\u2022 Un ni\u00f1o hasta su quinto cumplea\u00f1os<br>\u2022 Beb\u00e9s y ni\u00f1os cuidados por sus padres, otros tutores o padres de crianza<\/p>\n\n\n\n<h3 class=\"gb-headline gb-headline-55123385 gb-headline-text\">\u00bfQu\u00e9 llevo a mi primera cita? <\/h3>\n\n\n\n<ol class=\"wp-block-list\">\n<li>La persona que planeas inscribir debe asistir <\/li>\n\n\n\n<li>Identificaci\u00f3n para usted y sus hijos menores de 5 a\u00f1os. <\/li>\n\n\n\n<li>Comprobante de domicilio en California <\/li>\n\n\n\n<li>Prueba de ingresos del hogar<\/li>\n<\/ol>\n\n\n\n<h3 class=\"gb-headline gb-headline-f6c7f300 gb-headline-text\">\u00bfC\u00f3mo uso mis beneficios?<\/h3>\n\n\n\n<p class=\"gb-headline gb-headline-5db9f886 gb-headline-text\"><strong><a href=\"https:\/\/myfamily.wic.ca.gov\/Home\/WICOfficeGrocer#wicLocations\" data-type=\"link\" data-id=\"https:\/\/myfamily.wic.ca.gov\/Home\/WICOfficeGrocer#wicLocations\">Sitio web de WIC Oficinas de WIC y tiendas de comestibles<\/a><\/strong><\/p>\n\n\n\n<p class=\"gb-headline gb-headline-ddb65ae6 gb-headline-text\"><strong><a href=\"https:\/\/myfamily.wic.ca.gov\/Home\/ShoppingForWICFoods#ShoppingForWICFoods\" data-type=\"link\" data-id=\"https:\/\/myfamily.wic.ca.gov\/Home\/ShoppingForWICFoods#ShoppingForWICFoods\">Compra de alimentos WIC Compra de alimentos WIC<\/a><\/strong><\/p>\n\n\n\n<p class=\"gb-headline gb-headline-7fe3008c gb-headline-text\"><a href=\"https:\/\/myfamily.wic.ca.gov\/Home\/WICFarmersMarkets#WICFarmersMarkets\"><strong>Mercado de agricultores Ubicaciones de los mercados de agricultores<\/strong> <\/a><\/p>\n\n<\/div>\n\n<div class=\"gb-container gb-container-ef19c191\">\n\n<h3 class=\"gb-headline gb-headline-b1e6072e gb-headline-text gb-headline-highlight\">Descargue la aplicaci\u00f3n WIC de California<\/h3>\n\n\n\n<figure class=\"gb-block-image gb-block-image-186feed6\"><img loading=\"lazy\" decoding=\"async\" width=\"1375\" height=\"644\" class=\"gb-image gb-image-186feed6\" src=\"https:\/\/ecenter.org\/wp-content\/uploads\/2023\/08\/Wic-App.png\" alt=\"\" title=\"Aplicaci\u00f3n Wic\" srcset=\"https:\/\/ecenter.org\/wp-content\/uploads\/2023\/08\/Wic-App.png 1375w, https:\/\/ecenter.org\/wp-content\/uploads\/2023\/08\/Wic-App-300x141.png 300w, https:\/\/ecenter.org\/wp-content\/uploads\/2023\/08\/Wic-App-1024x480.png 1024w, https:\/\/ecenter.org\/wp-content\/uploads\/2023\/08\/Wic-App-768x360.png 768w, https:\/\/ecenter.org\/wp-content\/uploads\/2023\/08\/Wic-App-18x8.png 18w, https:\/\/ecenter.org\/wp-content\/uploads\/2023\/08\/Wic-App-500x234.png 500w, https:\/\/ecenter.org\/wp-content\/uploads\/2023\/08\/Wic-App-800x375.png 800w, https:\/\/ecenter.org\/wp-content\/uploads\/2023\/08\/Wic-App-1280x600.png 1280w\" sizes=\"auto, (max-width: 1375px) 100vw, 1375px\" \/><\/figure>\n\n\n<div class=\"gb-container gb-container-9609349a\">\n\n<figure class=\"gb-block-image gb-block-image-e2940cd2\"><a href=\"https:\/\/apps.apple.com\/us\/app\/california-wic-app\/id1465925233?mt=8\" target=\"_blank\" rel=\"noopener noreferrer\"><img loading=\"lazy\" decoding=\"async\" width=\"640\" height=\"190\" class=\"gb-image gb-image-e2940cd2\" src=\"https:\/\/ecenter.org\/wp-content\/uploads\/2023\/08\/Available_on_the_App_Store_black.png\" alt=\"\" title=\"Disponible_en_la_App_Store_negro\" srcset=\"https:\/\/ecenter.org\/wp-content\/uploads\/2023\/08\/Available_on_the_App_Store_black.png 640w, https:\/\/ecenter.org\/wp-content\/uploads\/2023\/08\/Available_on_the_App_Store_black-300x89.png 300w, https:\/\/ecenter.org\/wp-content\/uploads\/2023\/08\/Available_on_the_App_Store_black-18x5.png 18w, https:\/\/ecenter.org\/wp-content\/uploads\/2023\/08\/Available_on_the_App_Store_black-500x148.png 500w\" sizes=\"auto, (max-width: 640px) 100vw, 640px\" \/><\/a><\/figure>\n\n\n\n<figure class=\"gb-block-image gb-block-image-d10e9b8f\"><a href=\"https:\/\/play.google.com\/store\/apps\/details?id=gov.ca.cdph.cawic\" target=\"_blank\" rel=\"noopener noreferrer\"><img loading=\"lazy\" decoding=\"async\" width=\"646\" height=\"250\" class=\"gb-image gb-image-d10e9b8f\" src=\"https:\/\/ecenter.org\/wp-content\/uploads\/2023\/08\/google-play-badge.png\" alt=\"\" title=\"insignia-google-play\" srcset=\"https:\/\/ecenter.org\/wp-content\/uploads\/2023\/08\/google-play-badge.png 646w, https:\/\/ecenter.org\/wp-content\/uploads\/2023\/08\/google-play-badge-300x116.png 300w, https:\/\/ecenter.org\/wp-content\/uploads\/2023\/08\/google-play-badge-18x7.png 18w, https:\/\/ecenter.org\/wp-content\/uploads\/2023\/08\/google-play-badge-500x193.png 500w\" sizes=\"auto, (max-width: 646px) 100vw, 646px\" \/><\/a><\/figure>\n\n<\/div>\n<\/div>\n<\/div>\n<\/div>","protected":false},"excerpt":{"rendered":"<p>Programa E Center Women, Infants and Children (WIC) WIC es un programa de nutrici\u00f3n que sirve para salvaguardar la salud de mujeres embarazadas, posparto y lactantes de bajos ingresos, beb\u00e9s y ni\u00f1os de hasta 5 a\u00f1os que se encuentran en riesgo nutricional al brindarles alimentos nutritivos. alimentos para complementar la dieta, informaci\u00f3n sobre alimentaci\u00f3n saludable, incluida la promoci\u00f3n y el apoyo a la lactancia materna, y referencias... <\/p>\n<p class=\"read-more-container\"><a title=\"WIC\" class=\"read-more button\" href=\"https:\/\/ecenter.org\/es\/our-programs\/wic\/#more-612\" aria-label=\"Read more about WIC\">Leer m\u00e1s<\/a><\/p>","protected":false},"author":1,"featured_media":0,"parent":16,"menu_order":0,"comment_status":"closed","ping_status":"closed","template":"","meta":{"_acf_changed":false,"_seopress_robots_primary_cat":"","_seopress_titles_title":"","_seopress_titles_desc":"","_seopress_robots_index":"","footnotes":""},"class_list":{"0":"post-612","1":"page","2":"type-page","3":"status-publish","5":"no-featured-image-padding"},"acf":[],"_links":{"self":[{"href":"https:\/\/ecenter.org\/es\/wp-json\/wp\/v2\/pages\/612","targetHints":{"allow":["GET"]}}],"collection":[{"href":"https:\/\/ecenter.org\/es\/wp-json\/wp\/v2\/pages"}],"about":[{"href":"https:\/\/ecenter.org\/es\/wp-json\/wp\/v2\/types\/page"}],"author":[{"embeddable":true,"href":"https:\/\/ecenter.org\/es\/wp-json\/wp\/v2\/users\/1"}],"replies":[{"embeddable":true,"href":"https:\/\/ecenter.org\/es\/wp-json\/wp\/v2\/comments?post=612"}],"version-history":[{"count":79,"href":"https:\/\/ecenter.org\/es\/wp-json\/wp\/v2\/pages\/612\/revisions"}],"predecessor-version":[{"id":22517,"href":"https:\/\/ecenter.org\/es\/wp-json\/wp\/v2\/pages\/612\/revisions\/22517"}],"up":[{"embeddable":true,"href":"https:\/\/ecenter.org\/es\/wp-json\/wp\/v2\/pages\/16"}],"wp:attachment":[{"href":"https:\/\/ecenter.org\/es\/wp-json\/wp\/v2\/media?parent=612"}],"curies":[{"name":"wp","href":"https:\/\/api.w.org\/{rel}","templated":true}]}}