{"id":613,"date":"2023-06-29T11:06:24","date_gmt":"2023-06-29T18:06:24","guid":{"rendered":"https:\/\/ecenter.org\/?page_id=613"},"modified":"2025-06-06T15:03:59","modified_gmt":"2025-06-06T22:03:59","slug":"projects","status":"publish","type":"page","link":"https:\/\/ecenter.org\/es\/projects\/","title":{"rendered":"Proyectos"},"content":{"rendered":"<div class=\"gb-container gb-container-d43002d4\">\n<div class=\"gb-container gb-container-551892ff gb-container-medium\">\n\n<h2 class=\"gb-headline gb-headline-4a739b4d gb-headline-text\"><strong>PROYECTOS ANTERIORES<\/strong><\/h2>\n\n<\/div>\n\n<div class=\"gb-container gb-container-417432a4 gb-container-callout\">\n<div class=\"gb-container gb-container-44742585 gb-container-offset-left\">\n<div class=\"gb-container gb-container-b30cf7ba gb-container-default\">\n\n<h2 class=\"gb-headline gb-headline-32b5087c gb-headline-text\">USDA Farm and Food Worker Relief Program<\/h2>\n\n\n\n<p>The program offered a single $600 payment to those who worked in agriculture during the COVID-19 pandemic. E Center completed this project August 29, 2023.<\/p>\n\n<\/div>\n<\/div>\n\n<div class=\"gb-container gb-container-e537e348 gb-container-offset-right\">\n\n<figure class=\"gb-block-image gb-block-image-0348e21e\"><img loading=\"lazy\" decoding=\"async\" width=\"563\" height=\"562\" class=\"gb-image gb-image-0348e21e inset-left  gb-image-default\" src=\"https:\/\/ecenter.org\/wp-content\/uploads\/2023\/07\/USDA_FFWR_topbanner-e1689110132358.png\" alt=\"\" title=\"USDA_FFWR_topbanner\" srcset=\"https:\/\/ecenter.org\/wp-content\/uploads\/2023\/07\/USDA_FFWR_topbanner-e1689110132358.png 563w, https:\/\/ecenter.org\/wp-content\/uploads\/2023\/07\/USDA_FFWR_topbanner-e1689110132358-300x300.png 300w, https:\/\/ecenter.org\/wp-content\/uploads\/2023\/07\/USDA_FFWR_topbanner-e1689110132358-150x150.png 150w, https:\/\/ecenter.org\/wp-content\/uploads\/2023\/07\/USDA_FFWR_topbanner-e1689110132358-12x12.png 12w, https:\/\/ecenter.org\/wp-content\/uploads\/2023\/07\/USDA_FFWR_topbanner-e1689110132358-500x499.png 500w\" sizes=\"auto, (max-width: 563px) 100vw, 563px\" \/><\/figure>\n\n<\/div>\n<\/div>\n<\/div>\n\n<div class=\"gb-container gb-container-f7bd305b gb-container-callout\">\n<div class=\"gb-container gb-container-51eb91e3 gb-container-offset-left\">\n<div class=\"gb-container gb-container-ca573ad0 gb-container-default\">\n\n<h2 class=\"gb-headline gb-headline-28f8236f gb-headline-text\"><strong>Beca anual JoAnne Aiello<\/strong><\/h2>\n\n\n\n<p>E Center ha creado un programa de becas en memoria de JoAnne Aiello. El programa proporcionar\u00e1 becas anuales a estudiantes dentro del \u00e1rea de servicio de E Center que est\u00e9n buscando activamente un t\u00edtulo o certificaci\u00f3n en \u00e1reas como educaci\u00f3n infantil, trabajo social, salud mental, nutrici\u00f3n y otras \u00e1reas de estudio que apoyan la misi\u00f3n de E Center de construir comunidades saludables. <a href=\"https:\/\/donorbox.org\/joanne-aiello-scholarship\">Donar hoy<\/a> (Enlace a 3<sup>tercero<\/sup> parte) para garantizar que los estudiantes elegibles puedan acceder a fondos para apoyarlos en su b\u00fasqueda educativa.<\/p>\n\n<\/div>\n<\/div>\n\n<div class=\"gb-container gb-container-66deeee5 gb-container-offset-right\">\n\n<figure class=\"gb-block-image gb-block-image-f96d157c\"><img loading=\"lazy\" decoding=\"async\" width=\"545\" height=\"323\" class=\"gb-image gb-image-f96d157c inset-left  gb-image-default\" src=\"https:\/\/ecenter.org\/wp-content\/uploads\/2024\/11\/JoAnne-Aiello.png\" alt=\"\" title=\"JoAnne Aiello\" srcset=\"https:\/\/ecenter.org\/wp-content\/uploads\/2024\/11\/JoAnne-Aiello.png 545w, https:\/\/ecenter.org\/wp-content\/uploads\/2024\/11\/JoAnne-Aiello-300x178.png 300w, https:\/\/ecenter.org\/wp-content\/uploads\/2024\/11\/JoAnne-Aiello-50x30.png 50w, https:\/\/ecenter.org\/wp-content\/uploads\/2024\/11\/JoAnne-Aiello-18x12.png 18w, https:\/\/ecenter.org\/wp-content\/uploads\/2024\/11\/JoAnne-Aiello-500x296.png 500w\" sizes=\"auto, (max-width: 545px) 100vw, 545px\" \/><\/figure>\n\n<\/div>\n<\/div>\n\n<div class=\"gb-container gb-container-31617713 gb-container-callout\">\n<div class=\"gb-container gb-container-7d10f604 gb-container-offset-left\">\n\n<figure class=\"gb-block-image gb-block-image-5ef9d86a\"><img loading=\"lazy\" decoding=\"async\" width=\"1500\" height=\"1200\" class=\"gb-image gb-image-5ef9d86a inset-left  gb-image-default\" src=\"https:\/\/ecenter.org\/wp-content\/uploads\/2024\/11\/Internships.jpg\" alt=\"\" title=\"Internship,Management,Temporary,Position,Concept\" srcset=\"https:\/\/ecenter.org\/wp-content\/uploads\/2024\/11\/Internships.jpg 1500w, https:\/\/ecenter.org\/wp-content\/uploads\/2024\/11\/Internships-300x240.jpg 300w, https:\/\/ecenter.org\/wp-content\/uploads\/2024\/11\/Internships-1024x819.jpg 1024w, https:\/\/ecenter.org\/wp-content\/uploads\/2024\/11\/Internships-768x614.jpg 768w, https:\/\/ecenter.org\/wp-content\/uploads\/2024\/11\/Internships-50x40.jpg 50w, https:\/\/ecenter.org\/wp-content\/uploads\/2024\/11\/Internships-15x12.jpg 15w, https:\/\/ecenter.org\/wp-content\/uploads\/2024\/11\/Internships-500x400.jpg 500w, https:\/\/ecenter.org\/wp-content\/uploads\/2024\/11\/Internships-800x640.jpg 800w, https:\/\/ecenter.org\/wp-content\/uploads\/2024\/11\/Internships-1280x1024.jpg 1280w\" sizes=\"auto, (max-width: 1500px) 100vw, 1500px\" \/><\/figure>\n\n<\/div>\n\n<div class=\"gb-container gb-container-7150b4b2 gb-container-offset-right\">\n<div class=\"gb-container gb-container-1fc41677 gb-container-default\">\n\n<h2 class=\"gb-headline gb-headline-9865ce4e gb-headline-text\">Pasant\u00edas remuneradas<\/h2>\n\n\n\n<p class=\"gb-headline gb-headline-cee147a2 gb-headline-text\">E Center provided paid internships to Sutter County students, over the age of 18. This opportunity allowed students to acquire experience in office\/administration, early childhood education and community assessments. Please check back at a later time for openings as this project is based on available funding. <\/p>\n\n<\/div>\n<\/div>\n<\/div>","protected":false},"excerpt":{"rendered":"<p>PAST PROJECTS USDA Farm and Food Worker Relief Program The program offered a single $600 payment to those who worked in agriculture during the COVID-19 pandemic. E Center completed this project August 29, 2023. JoAnne Aiello Annual Scholarship E Center has created a scholarship program in memory of JoAnne Aiello. The program will provide annual &#8230; <\/p>\n<p class=\"read-more-container\"><a title=\"Proyectos\" class=\"read-more button\" href=\"https:\/\/ecenter.org\/es\/projects\/#more-613\" aria-label=\"Read more about Projects\">Leer m\u00e1s<\/a><\/p>","protected":false},"author":1,"featured_media":0,"parent":0,"menu_order":0,"comment_status":"closed","ping_status":"closed","template":"","meta":{"_acf_changed":false,"_seopress_robots_primary_cat":"","_seopress_titles_title":"","_seopress_titles_desc":"","_seopress_robots_index":"","footnotes":""},"class_list":{"0":"post-613","1":"page","2":"type-page","3":"status-publish","5":"no-featured-image-padding"},"acf":[],"_links":{"self":[{"href":"https:\/\/ecenter.org\/es\/wp-json\/wp\/v2\/pages\/613","targetHints":{"allow":["GET"]}}],"collection":[{"href":"https:\/\/ecenter.org\/es\/wp-json\/wp\/v2\/pages"}],"about":[{"href":"https:\/\/ecenter.org\/es\/wp-json\/wp\/v2\/types\/page"}],"author":[{"embeddable":true,"href":"https:\/\/ecenter.org\/es\/wp-json\/wp\/v2\/users\/1"}],"replies":[{"embeddable":true,"href":"https:\/\/ecenter.org\/es\/wp-json\/wp\/v2\/comments?post=613"}],"version-history":[{"count":15,"href":"https:\/\/ecenter.org\/es\/wp-json\/wp\/v2\/pages\/613\/revisions"}],"predecessor-version":[{"id":17531,"href":"https:\/\/ecenter.org\/es\/wp-json\/wp\/v2\/pages\/613\/revisions\/17531"}],"wp:attachment":[{"href":"https:\/\/ecenter.org\/es\/wp-json\/wp\/v2\/media?parent=613"}],"curies":[{"name":"wp","href":"https:\/\/api.w.org\/{rel}","templated":true}]}}