{"id":615,"date":"2023-06-29T11:06:25","date_gmt":"2023-06-29T18:06:25","guid":{"rendered":"https:\/\/ecenter.org\/?page_id=615"},"modified":"2024-12-06T16:44:54","modified_gmt":"2024-12-07T00:44:54","slug":"board-of-directors","status":"publish","type":"page","link":"https:\/\/ecenter.org\/es\/board-of-directors\/","title":{"rendered":"Junta Directiva"},"content":{"rendered":"<div class=\"gb-container gb-container-3f682b62 gb-container-default\">\n<div class=\"gb-container gb-container-b31eedb1\">\n<h2 class=\"gb-headline gb-headline-16c798a5 gb-headline-text gb-headline-hero-headline\">Junta Directiva<\/h2>\n<\/div>\n<\/div>\n\n<div class=\"gb-container gb-container-46bfdb11\">\n<div class=\"gb-container gb-container-f7bd305b gb-container-callout\">\n<div class=\"gb-container gb-container-66deeee5 gb-container-offset-left\">\n\n<figure class=\"gb-block-image gb-block-image-f96d157c\"><img loading=\"lazy\" decoding=\"async\" width=\"1024\" height=\"574\" class=\"gb-image gb-image-f96d157c inset-left  gb-image-default\" src=\"https:\/\/ecenter.org\/wp-content\/uploads\/2023\/06\/Jon_Trujilo_a_group_of_children_between_6-8_years_old_in_a_play_2869ae33-3f37-4526-a370-f288441e3812-1024x574.png\" alt=\"\" title=\"Jon_Trujilo_un_grupo_de_ni\u00f1os_entre_6-8_a\u00f1os_en_una_play_2869ae33-3f37-4526-a370-f288441e3812\" srcset=\"https:\/\/ecenter.org\/wp-content\/uploads\/2023\/06\/Jon_Trujilo_a_group_of_children_between_6-8_years_old_in_a_play_2869ae33-3f37-4526-a370-f288441e3812-1024x574.png 1024w, https:\/\/ecenter.org\/wp-content\/uploads\/2023\/06\/Jon_Trujilo_a_group_of_children_between_6-8_years_old_in_a_play_2869ae33-3f37-4526-a370-f288441e3812-300x168.png 300w, https:\/\/ecenter.org\/wp-content\/uploads\/2023\/06\/Jon_Trujilo_a_group_of_children_between_6-8_years_old_in_a_play_2869ae33-3f37-4526-a370-f288441e3812-768x430.png 768w, https:\/\/ecenter.org\/wp-content\/uploads\/2023\/06\/Jon_Trujilo_a_group_of_children_between_6-8_years_old_in_a_play_2869ae33-3f37-4526-a370-f288441e3812-18x10.png 18w, https:\/\/ecenter.org\/wp-content\/uploads\/2023\/06\/Jon_Trujilo_a_group_of_children_between_6-8_years_old_in_a_play_2869ae33-3f37-4526-a370-f288441e3812-500x280.png 500w, https:\/\/ecenter.org\/wp-content\/uploads\/2023\/06\/Jon_Trujilo_a_group_of_children_between_6-8_years_old_in_a_play_2869ae33-3f37-4526-a370-f288441e3812-800x448.png 800w, https:\/\/ecenter.org\/wp-content\/uploads\/2023\/06\/Jon_Trujilo_a_group_of_children_between_6-8_years_old_in_a_play_2869ae33-3f37-4526-a370-f288441e3812-1280x717.png 1280w\" sizes=\"auto, (max-width: 1024px) 100vw, 1024px\" \/><\/figure>\n\n<\/div>\n\n<div class=\"gb-container gb-container-51eb91e3 gb-container-offset-right\">\n<div class=\"gb-container gb-container-ca573ad0 gb-container-default\">\n\n<h2 class=\"gb-headline gb-headline-28f8236f gb-headline-text\">ESTAR INVOLUCRADO\u2026. \u00a1Hacer la diferencia!<\/h2>\n\n\n\n<p class=\"gb-headline gb-headline-5d5a1674 gb-headline-text\">E Center cuenta con una junta directiva dedicada que representa varias comunidades y tiene la pasi\u00f3n, el conocimiento y la experiencia para liderar esta agencia din\u00e1mica y sus programas. Nuestra Junta cree en la construcci\u00f3n de comunidades saludables para todos, con amplio conocimiento en derecho, desarrollo infantil, negocios con fines de lucro, educaci\u00f3n y, como participantes actuales o pasados del programa, \u00a1tienen el conocimiento de c\u00f3mo hacer el trabajo!<\/p>\n\n\n\n<p class=\"gb-headline gb-headline-fad9ebe0 gb-headline-text\">si est\u00e1s listo para involucrarte<\/p>\n\n\n\n<a class=\"gb-button gb-button-d48486cc gb-button-secondary smooth-scroll\" href=\"https:\/\/ecenter.org\/wp-content\/uploads\/2023\/12\/Board-Application-Rev2023.pdf\"><span class=\"gb-icon\"><svg viewbox=\"0 0 24 24\" preserveaspectratio=\"xMidYMid meet\" height=\"24\" width=\"24\" class=\"iconify iconify--fe\" aria-hidden=\"true\" xmlns:xlink=\"http:\/\/www.w3.org\/1999\/xlink\" xmlns=\"http:\/\/www.w3.org\/2000\/svg\"><g stroke-width=\"1\" stroke=\"none\" fill-rule=\"evenodd\" fill=\"none\" id=\"IconifyId189c0ed0691ea67e6959\"><g fill=\"currentColor\" id=\"IconifyId189c0ed0691ea67e6960\"><path d=\"M5 19h14a1 1 0 0 1 0 2H5a1 1 0 0 1 0-2Zm8-5.825l3.243-3.242l1.414 1.414L12 17.004l-5.657-5.657l1.414-1.414L11 13.175V2h2v11.175Z\" id=\"IconifyId189c0ed0691ea67e6961\"><\/path><\/g><\/g><\/svg><\/span><span class=\"gb-button-text\">Descargar aplicaci\u00f3n<\/span><\/a>\n\n<\/div>\n<\/div>\n<\/div>\n\n<div class=\"gb-container gb-container-240b8d7c gb-container-default\">\n\n<h3 class=\"gb-headline gb-headline-3042b620 gb-headline-text\">Nuestra junta directiva actual incluye a las siguientes personas excepcionales.<\/h3>\n\n\n<div class=\"gb-grid-wrapper gb-grid-wrapper-10264645\">\n<div class=\"gb-grid-column gb-grid-column-8e5f6d67\"><div class=\"gb-container gb-container-8e5f6d67\">\n\n<h4 class=\"gb-headline gb-headline-a326d2f8 gb-headline-text\">Sharon Zoller<\/h4>\n\n\n\n<h5 class=\"gb-headline gb-headline-ede5d7ef gb-headline-text\">Presidente<\/h5>\n\n\n\n<p class=\"gb-headline gb-headline-67ec730d gb-headline-text\">Sharron tambi\u00e9n aporta experiencia en educaci\u00f3n y desarrollo de la primera infancia y tiene experiencia en la administraci\u00f3n y supervisi\u00f3n del desarrollo educativo.<\/p>\n\n<\/div><\/div>\n\n<div class=\"gb-grid-column gb-grid-column-cd5550eb\"><div class=\"gb-container gb-container-cd5550eb\">\n\n<h4 class=\"gb-headline gb-headline-27f8ed50 gb-headline-text\">Eric Paredes <\/h4>\n\n\n\n<h5 class=\"gb-headline gb-headline-40022c2f gb-headline-text\">Director<\/h5>\n\n\n\n<p class=\"gb-headline gb-headline-e5c89dbc gb-headline-text\"><\/p>\n\n<\/div><\/div>\n\n<div class=\"gb-grid-column gb-grid-column-ffc324df\"><div class=\"gb-container gb-container-ffc324df\">\n\n<h4 class=\"gb-headline gb-headline-d389b46c gb-headline-text\">Jennifer La Badie<\/h4>\n\n\n\n<h5 class=\"gb-headline gb-headline-12e73350 gb-headline-text\">Vicepresidente<\/h5>\n\n\n\n<p class=\"gb-headline gb-headline-22f20507 gb-headline-text\">Jennifer aporta su experiencia como madre anterior en el programa, su amplio conocimiento de la comunidad y su experiencia en contabilidad y n\u00f3mina.<\/p>\n\n<\/div><\/div>\n\n<div class=\"gb-grid-column gb-grid-column-a2f301d4\"><div class=\"gb-container gb-container-a2f301d4\">\n\n<h4 class=\"gb-headline gb-headline-80af38c8 gb-headline-text\">Marie Vue <\/h4>\n\n\n\n<h5 class=\"gb-headline gb-headline-abe1f6a4 gb-headline-text\">Director <\/h5>\n\n\n\n<p class=\"gb-headline gb-headline-4a4173e3 gb-headline-text\"><\/p>\n\n<\/div><\/div>\n\n<div class=\"gb-grid-column gb-grid-column-153a31ac\"><div class=\"gb-container gb-container-153a31ac\">\n\n<h4 class=\"gb-headline gb-headline-a0914d88 gb-headline-text\">Stacie Gandy<\/h4>\n\n\n\n<h5 class=\"gb-headline gb-headline-c5924cfb gb-headline-text\">Secretario Tesorero<\/h5>\n\n\n\n<p class=\"gb-headline gb-headline-417b013e gb-headline-text\">Con una Licenciatura en Estudios Liberales y Desarrollo Infantil, m\u00e1s de 21 a\u00f1os de experiencia y conocimiento en la gesti\u00f3n y operaci\u00f3n efectiva de todos los aspectos de un centro de cuidado infantil, Stacie aporta conocimientos sobre desarrollo de pol\u00edticas, supervisi\u00f3n financiera y conciencia de las necesidades administrativas del d\u00eda a d\u00eda.<\/p>\n\n<\/div><\/div>\n\n<div class=\"gb-grid-column gb-grid-column-7c8f8eac\"><div class=\"gb-container gb-container-7c8f8eac\">\n\n<h4 class=\"gb-headline gb-headline-943db8d4 gb-headline-text\">Randy Fletcher<\/h4>\n\n\n\n<h5 class=\"gb-headline gb-headline-79966143 gb-headline-text\">Director<\/h5>\n\n\n\n<p class=\"gb-headline gb-headline-117a2f07 gb-headline-text\"><\/p>\n\n<\/div><\/div>\n\n<div class=\"gb-grid-column gb-grid-column-1c784f35\"><div class=\"gb-container gb-container-1c784f35\">\n\n<h4 class=\"gb-headline gb-headline-74ba93e1 gb-headline-text\">Representante de padres<\/h4>\n\n\n\n<h5 class=\"gb-headline gb-headline-0f324a98 gb-headline-text\">Desiree Lutzweiler<\/h5>\n\n\n\n<p class=\"gb-headline gb-headline-6df620de gb-headline-text\">Miembro y representante del Consejo de Pol\u00edticas de los Programas Head Start<\/p>\n\n<\/div><\/div>\n\n<div class=\"gb-grid-column gb-grid-column-a819bb9a\"><div class=\"gb-container gb-container-a819bb9a\">\n\n<h4 class=\"gb-headline gb-headline-86bba942 gb-headline-text\">Sarah Higgins<\/h4>\n\n\n\n<h5 class=\"gb-headline gb-headline-407dcb42 gb-headline-text\">Director <\/h5>\n\n\n\n<p class=\"gb-headline gb-headline-a9ced00a gb-headline-text\"><\/p>\n\n<\/div><\/div>\n\n<div class=\"gb-grid-column gb-grid-column-c66334df\"><div class=\"gb-container gb-container-c66334df\">\n\n<h4 class=\"gb-headline gb-headline-632e0932 gb-headline-text\">Representante de padres<\/h4>\n\n\n\n<h5 class=\"gb-headline gb-headline-9f954055 gb-headline-text\">Cristal Aguilera<\/h5>\n\n\n\n<p class=\"gb-headline gb-headline-c0de46e4 gb-headline-text\">Representante del Consejo de Pol\u00edticas de Miembros y Programas Head Start para Migrantes<\/p>\n\n<\/div><\/div>\n<\/div>\n<\/div>\n<\/div>\n\n\n<figure class=\"gb-block-image gb-block-image-bbfe816f\"><img loading=\"lazy\" decoding=\"async\" width=\"1024\" height=\"739\" class=\"gb-image gb-image-bbfe816f\" src=\"https:\/\/ecenter.org\/wp-content\/uploads\/2024\/12\/Board-of-Directors-2-2-1024x739.jpg\" alt=\"\" title=\"Board of Directors 2 (2)\" srcset=\"https:\/\/ecenter.org\/wp-content\/uploads\/2024\/12\/Board-of-Directors-2-2-1024x739.jpg 1024w, https:\/\/ecenter.org\/wp-content\/uploads\/2024\/12\/Board-of-Directors-2-2-300x216.jpg 300w, https:\/\/ecenter.org\/wp-content\/uploads\/2024\/12\/Board-of-Directors-2-2-768x554.jpg 768w, https:\/\/ecenter.org\/wp-content\/uploads\/2024\/12\/Board-of-Directors-2-2-50x36.jpg 50w, https:\/\/ecenter.org\/wp-content\/uploads\/2024\/12\/Board-of-Directors-2-2-1600x1154.jpg 1600w, https:\/\/ecenter.org\/wp-content\/uploads\/2024\/12\/Board-of-Directors-2-2-1920x1385.jpg 1664w, https:\/\/ecenter.org\/wp-content\/uploads\/2024\/12\/Board-of-Directors-2-2-scaled.jpg 1663w, https:\/\/ecenter.org\/wp-content\/uploads\/2024\/12\/Board-of-Directors-2-2-1536x1108.jpg 1536w, https:\/\/ecenter.org\/wp-content\/uploads\/2024\/12\/Board-of-Directors-2-2-18x12.jpg 18w, https:\/\/ecenter.org\/wp-content\/uploads\/2024\/12\/Board-of-Directors-2-2-500x361.jpg 500w, https:\/\/ecenter.org\/wp-content\/uploads\/2024\/12\/Board-of-Directors-2-2-800x577.jpg 800w, https:\/\/ecenter.org\/wp-content\/uploads\/2024\/12\/Board-of-Directors-2-2-1280x923.jpg 1280w\" sizes=\"auto, (max-width: 1024px) 100vw, 1024px\" \/><\/figure>","protected":false},"excerpt":{"rendered":"<p>Junta Directiva IMPLICARSE\u2026. \u00a1Hacer la diferencia! E Center cuenta con una junta directiva dedicada que representa varias comunidades y tiene la pasi\u00f3n, el conocimiento y la experiencia para liderar esta agencia din\u00e1mica y sus programas. Nuestra Junta cree en la construcci\u00f3n de comunidades saludables para todos, con amplios conocimientos en derecho, desarrollo infantil, negocios con fines de lucro, educaci\u00f3n\u2026 <\/p>\n<p class=\"read-more-container\"><a title=\"Junta Directiva\" class=\"read-more button\" href=\"https:\/\/ecenter.org\/es\/board-of-directors\/#more-615\" aria-label=\"Read more about Board of Directors\">Leer m\u00e1s<\/a><\/p>","protected":false},"author":1,"featured_media":0,"parent":0,"menu_order":0,"comment_status":"closed","ping_status":"closed","template":"","meta":{"_acf_changed":false,"_seopress_robots_primary_cat":"","_seopress_titles_title":"","_seopress_titles_desc":"","_seopress_robots_index":"","_seopress_analysis_target_kw":"","footnotes":""},"class_list":{"0":"post-615","1":"page","2":"type-page","3":"status-publish","5":"no-featured-image-padding"},"acf":[],"_links":{"self":[{"href":"https:\/\/ecenter.org\/es\/wp-json\/wp\/v2\/pages\/615","targetHints":{"allow":["GET"]}}],"collection":[{"href":"https:\/\/ecenter.org\/es\/wp-json\/wp\/v2\/pages"}],"about":[{"href":"https:\/\/ecenter.org\/es\/wp-json\/wp\/v2\/types\/page"}],"author":[{"embeddable":true,"href":"https:\/\/ecenter.org\/es\/wp-json\/wp\/v2\/users\/1"}],"replies":[{"embeddable":true,"href":"https:\/\/ecenter.org\/es\/wp-json\/wp\/v2\/comments?post=615"}],"version-history":[{"count":17,"href":"https:\/\/ecenter.org\/es\/wp-json\/wp\/v2\/pages\/615\/revisions"}],"predecessor-version":[{"id":14296,"href":"https:\/\/ecenter.org\/es\/wp-json\/wp\/v2\/pages\/615\/revisions\/14296"}],"wp:attachment":[{"href":"https:\/\/ecenter.org\/es\/wp-json\/wp\/v2\/media?parent=615"}],"curies":[{"name":"wp","href":"https:\/\/api.w.org\/{rel}","templated":true}]}}