{"id":72,"date":"2023-06-06T17:03:25","date_gmt":"2023-06-07T00:03:25","guid":{"rendered":"https:\/\/ecenter.org\/?page_id=72"},"modified":"2024-12-16T12:04:42","modified_gmt":"2024-12-16T20:04:42","slug":"head-start-program","status":"publish","type":"page","link":"https:\/\/ecenter.org\/es\/our-programs\/head-start-program\/","title":{"rendered":"Programa Head Start"},"content":{"rendered":"<div class=\"gb-container gb-container-3f682b62 gb-container-default\">\n<div class=\"gb-container gb-container-b31eedb1\">\n\n<h2 class=\"gb-headline gb-headline-16c798a5 gb-headline-text gb-headline-hero-headline\">Programas Head Start del Centro E<\/h2>\n\n\n\n<h2 class=\"gb-headline gb-headline-fe3297ac gb-headline-text gb-headline-large-text\">E Center brinda servicios para Early Head Start, Head Start, Head Start Migrante de Temporada y Early Head Start Migrante. Los servicios brindan educaci\u00f3n temprana integral, salud, nutrici\u00f3n y participaci\u00f3n de los padres para ni\u00f1os de 0 a 5 a\u00f1os y sus familias sin costo alguno para los participantes.<\/h2>\n\n\n\n<a class=\"gb-button gb-button-16edd37e gb-button-text gb-button-primary\" href=\"https:\/\/www.childplus.net\/apply\/es\/3EEEC2626F54E3A6400B2CCCAD0DDA58\/5934A03497F87C3E3DA10AB0641A2C30\" target=\"_blank\" rel=\"noopener noreferrer\">Solicitar servicios<\/a>\n\n<\/div>\n<\/div>\n\n<div class=\"gb-container gb-container-bf8b2186 gb-container-default\">\n<div class=\"gb-container gb-container-8c5481cc\">\n\n<h3 class=\"gb-headline gb-headline-ccc450d8 gb-headline-text gb-headline-extra-large-text\">Para cumplir con la misi\u00f3n de Head Start, se brindan servicios para promover el desarrollo infantil en lo siguiente: <a href=\"https:\/\/ecenter.org\/es\/child-development\/\" data-type=\"page\" data-id=\"574\">Educaci\u00f3n, Salud, Nutrici\u00f3n, Servicios Familiares, Necesidades Especiales y Salud Mental y Bienestar<\/a><\/h3>\n\n<\/div>\n<\/div>\n\n<div class=\"gb-container gb-container-f7bd305b gb-container-callout\">\n<div class=\"gb-container gb-container-66deeee5 gb-container-offset-left\">\n\n<figure class=\"gb-block-image gb-block-image-f96d157c\"><img loading=\"lazy\" decoding=\"async\" width=\"1024\" height=\"768\" class=\"gb-image gb-image-f96d157c inset-left  gb-image-default\" src=\"https:\/\/ecenter.org\/wp-content\/uploads\/2023\/06\/Toddlers-3-1024x768.jpg\" alt=\"\" title=\"Ni\u00f1os peque\u00f1os 3\" srcset=\"https:\/\/ecenter.org\/wp-content\/uploads\/2023\/06\/Toddlers-3-1024x768.jpg 1024w, https:\/\/ecenter.org\/wp-content\/uploads\/2023\/06\/Toddlers-3-300x225.jpg 300w, https:\/\/ecenter.org\/wp-content\/uploads\/2023\/06\/Toddlers-3-768x576.jpg 768w, https:\/\/ecenter.org\/wp-content\/uploads\/2023\/06\/Toddlers-3-1536x1152.jpg 1536w, https:\/\/ecenter.org\/wp-content\/uploads\/2023\/06\/Toddlers-3-2048x1536.jpg 2048w, https:\/\/ecenter.org\/wp-content\/uploads\/2023\/06\/Toddlers-3-500x375.jpg 500w, https:\/\/ecenter.org\/wp-content\/uploads\/2023\/06\/Toddlers-3-800x600.jpg 800w, https:\/\/ecenter.org\/wp-content\/uploads\/2023\/06\/Toddlers-3-1280x960.jpg 1280w, https:\/\/ecenter.org\/wp-content\/uploads\/2023\/06\/Toddlers-3-1920x1440.jpg 1920w, https:\/\/ecenter.org\/wp-content\/uploads\/2023\/06\/Toddlers-3-1600x1200.jpg 1600w\" sizes=\"auto, (max-width: 1024px) 100vw, 1024px\" \/><\/figure>\n\n<\/div>\n\n<div class=\"gb-container gb-container-51eb91e3 gb-container-offset-right\">\n<div class=\"gb-container gb-container-ca573ad0 gb-container-default\">\n\n<h3 class=\"gb-headline gb-headline-5de4d945 gb-headline-text\">Head Start Temprano del Centro E<\/h3>\n\n\n\n<h4 class=\"gb-headline gb-headline-9633e7bc gb-headline-text\">E Center Early Head Start brinda servicios a ni\u00f1os de 0 a 3 a\u00f1os de edad y a mujeres embarazadas.<\/h4>\n\n\n\n<ul class=\"wp-block-list\">\n<li>D\u00eda completo: inscrito hasta cinco (5) d\u00edas a la semana durante ocho (8) horas o m\u00e1s, seg\u00fan las necesidades de la familia. Actualmente se ofrece en los condados de Butte, Sutter y Yuba<\/li>\n\n\n\n<li>Base de operaciones: reciba visitas domiciliarias de un educador familiar una vez por semana durante 1,5 horas y asista a la socializaci\u00f3n cada dos semanas durante 2,5 horas por socializaci\u00f3n. El padre es el enfoque principal de la visita al hogar y trabaja directamente con el ni\u00f1o. Actualmente se ofrece en los condados de Butte, Sutter y Yuba.<\/li>\n<\/ul>\n\n\n\n<a class=\"gb-button gb-button-d8bc01cf gb-button-text gb-button-default\" href=\"https:\/\/www.childplus.net\/apply\/es\/3EEEC2626F54E3A6400B2CCCAD0DDA58\/5934A03497F87C3E3DA10AB0641A2C30\" target=\"_blank\" rel=\"noopener noreferrer\">Solicitar servicios<\/a>\n\n<\/div>\n<\/div>\n<\/div>\n\n<div class=\"gb-container gb-container-35109844 gb-container-callout\">\n<div class=\"gb-container gb-container-fbd902ff gb-container-offset-left\">\n<div class=\"gb-container gb-container-95cc88d9 gb-container-default\">\n\n<h3 class=\"gb-headline gb-headline-f88cc1d8 gb-headline-text\">Centro E Head Start<\/h3>\n\n\n\n<h4 class=\"gb-headline gb-headline-28f8236f gb-headline-text\">E Center Head Start brinda servicios a ni\u00f1os de 3 a 5 a\u00f1os de edad.<\/h4>\n\n\n\n<ul class=\"wp-block-list\">\n<li>D\u00eda parcial: inscrito durante cuatro (4) o cinco (5) d\u00edas a la semana para una sesi\u00f3n de la ma\u00f1ana (AM) o una sesi\u00f3n de la tarde (PM) durante 3,5 horas al d\u00eda. Actualmente se ofrece en los condados de Butte, Sutter y Yuba<\/li>\n\n\n\n<li>Jornada extendida: inscrito durante cuatro (4) d\u00edas a la semana durante seis (6) horas o m\u00e1s. Actualmente se ofrece en los condados de Butte y Sutter.<\/li>\n\n\n\n<li>D\u00eda completo: inscrito hasta cinco (5) d\u00edas a la semana durante ocho (8) horas o m\u00e1s, seg\u00fan la ubicaci\u00f3n. Esta opci\u00f3n ayuda principalmente a los padres a satisfacer sus necesidades de cuidado de ni\u00f1os mientras trabajan o asisten a clases para continuar su educaci\u00f3n. Actualmente se ofrece en los condados de Butte, Sutter y Yuba<\/li>\n<\/ul>\n\n\n\n<a class=\"gb-button gb-button-43a5c1c1 gb-button-text gb-button-default\" href=\"https:\/\/www.childplus.net\/apply\/es\/3EEEC2626F54E3A6400B2CCCAD0DDA58\/5934A03497F87C3E3DA10AB0641A2C30\" target=\"_blank\" rel=\"noopener noreferrer\">Solicitar servicios<\/a>\n\n<\/div>\n<\/div>\n\n<div class=\"gb-container gb-container-78e8604d gb-container-offset-right\">\n\n<figure class=\"gb-block-image gb-block-image-f20b0786\"><img loading=\"lazy\" decoding=\"async\" width=\"800\" height=\"600\" class=\"gb-image gb-image-f20b0786 inset-left  gb-image-default\" src=\"https:\/\/ecenter.org\/wp-content\/uploads\/2023\/06\/IMG_4133.jpg\" alt=\"\" title=\"IMG_4133\" srcset=\"https:\/\/ecenter.org\/wp-content\/uploads\/2023\/06\/IMG_4133.jpg 800w, https:\/\/ecenter.org\/wp-content\/uploads\/2023\/06\/IMG_4133-300x225.jpg 300w, https:\/\/ecenter.org\/wp-content\/uploads\/2023\/06\/IMG_4133-768x576.jpg 768w, https:\/\/ecenter.org\/wp-content\/uploads\/2023\/06\/IMG_4133-500x375.jpg 500w\" sizes=\"auto, (max-width: 800px) 100vw, 800px\" \/><\/figure>\n\n<\/div>\n<\/div>\n\n<div class=\"gb-container gb-container-9e46f0f8 gb-container-callout\">\n<div class=\"gb-container gb-container-aa1c0842 gb-container-offset-left\">\n\n<figure class=\"gb-block-image gb-block-image-53c1d898\"><img loading=\"lazy\" decoding=\"async\" width=\"1024\" height=\"768\" class=\"gb-image gb-image-53c1d898 inset-left  gb-image-default\" src=\"https:\/\/ecenter.org\/wp-content\/uploads\/2023\/06\/IMG_4156-1024x768.jpg\" alt=\"\" title=\"IMG_4156\" srcset=\"https:\/\/ecenter.org\/wp-content\/uploads\/2023\/06\/IMG_4156-1024x768.jpg 1024w, https:\/\/ecenter.org\/wp-content\/uploads\/2023\/06\/IMG_4156-300x225.jpg 300w, https:\/\/ecenter.org\/wp-content\/uploads\/2023\/06\/IMG_4156-768x576.jpg 768w, https:\/\/ecenter.org\/wp-content\/uploads\/2023\/06\/IMG_4156-500x375.jpg 500w, https:\/\/ecenter.org\/wp-content\/uploads\/2023\/06\/IMG_4156-800x600.jpg 800w, https:\/\/ecenter.org\/wp-content\/uploads\/2023\/06\/IMG_4156-1280x960.jpg 1280w, https:\/\/ecenter.org\/wp-content\/uploads\/2023\/06\/IMG_4156.jpg 1292w\" sizes=\"auto, (max-width: 1024px) 100vw, 1024px\" \/><\/figure>\n\n<\/div>\n\n<div class=\"gb-container gb-container-a05e4cb3 gb-container-offset-right\">\n<div class=\"gb-container gb-container-b355a3df gb-container-default\">\n\n<h3 class=\"gb-headline gb-headline-a583a480 gb-headline-text\">E Center Head Start Migrante Temporal<\/h3>\n\n\n\n<p><strong>E Center Migrant Seasonal Head Start brinda servicios a ni\u00f1os de 4 semanas a 5 a\u00f1os de edad<\/strong> cuyas familias se dedican a labores afines a la agricultura tales como: campos de producci\u00f3n, plantas de conservas y empaques de producci\u00f3n.<\/p>\n\n\n\n<ul class=\"wp-block-list\">\n<li>Los hogares de atenci\u00f3n en centros y de cuidado infantil familiar est\u00e1n abiertos hasta doce (12) horas al d\u00eda, cinco (5) d\u00edas a la semana durante la \u00e9poca de cosecha. (Por lo general, desde finales de la primavera hasta mediados o finales del oto\u00f1o, seg\u00fan los cultivos). Actualmente se ofrece en los condados de Butte, Yuba Sutter, Tehama, Glenn, Lake, Colusa y Yolo.<\/li>\n<\/ul>\n\n\n\n<a class=\"gb-button gb-button-6a526c7f gb-button-text gb-button-default\" href=\"https:\/\/www.childplus.net\/apply\/es\/3EEEC2626F54E3A6400B2CCCAD0DDA58\/5934A03497F87C3E3DA10AB0641A2C30\" target=\"_blank\" rel=\"noopener noreferrer\">Solicitar servicios<\/a>\n\n<\/div>\n<\/div>\n<\/div>\n\n<div class=\"gb-container gb-container-75d79aea gb-container-callout\">\n<div class=\"gb-container gb-container-743cb287 gb-container-offset-left\">\n<div class=\"gb-container gb-container-504ad1ac gb-container-default\">\n\n<h3 class=\"gb-headline gb-headline-7bd860f8 gb-headline-text\">Head Start Temprano para Migrantes del Centro E<\/h3>\n\n\n\n<h4 class=\"gb-headline gb-headline-cd2189f7 gb-headline-text\">E Center Migrant Early Head Start 4 semanas \u2013 36 meses<\/h4>\n\n\n\n<p>Para cuyas familias se desempe\u00f1en en labores afines a la agricultura tales como: campos de producci\u00f3n, plantas de conservas y empaques de producci\u00f3n y familias que migran por trabajo.<\/p>\n\n\n\n<ul class=\"wp-block-list\">\n<li>Los Hogares de Cuidado Basado en el Centro y Cuidado Infantil Familiar est\u00e1n abiertos hasta doce (12) horas al d\u00eda, cinco (5) d\u00edas a la semana durante el tiempo de cosecha. (Por lo general, desde finales de la primavera hasta mediados\/finales del oto\u00f1o, seg\u00fan los cultivos) Actualmente se ofrecen Butte, Yuba Sutter, Tahema, Glenn, Lake, Colusa y Yolo<\/li>\n<\/ul>\n\n\n\n<a class=\"gb-button gb-button-1ae19cb0 gb-button-text gb-button-secondary\" href=\"https:\/\/www.childplus.net\/apply\/es\/3EEEC2626F54E3A6400B2CCCAD0DDA58\/5934A03497F87C3E3DA10AB0641A2C30\" target=\"_blank\" rel=\"noopener noreferrer\">Solicitar servicios<\/a>\n\n<\/div>\n<\/div>\n\n<div class=\"gb-container gb-container-295b9287 gb-container-offset-right\">\n\n<figure class=\"gb-block-image gb-block-image-3f32c349\"><img loading=\"lazy\" decoding=\"async\" width=\"1947\" height=\"1200\" class=\"gb-image gb-image-3f32c349 inset-left  gb-image-default\" src=\"https:\/\/ecenter.org\/wp-content\/uploads\/2023\/11\/Mary3-scaled.jpg\" alt=\"\" title=\"Mar\u00eda3\" srcset=\"https:\/\/ecenter.org\/wp-content\/uploads\/2023\/11\/Mary3-scaled.jpg 1947w, https:\/\/ecenter.org\/wp-content\/uploads\/2023\/11\/Mary3-300x185.jpg 300w, https:\/\/ecenter.org\/wp-content\/uploads\/2023\/11\/Mary3-1024x631.jpg 1024w, https:\/\/ecenter.org\/wp-content\/uploads\/2023\/11\/Mary3-768x473.jpg 768w, https:\/\/ecenter.org\/wp-content\/uploads\/2023\/11\/Mary3-1600x986.jpg 1600w, https:\/\/ecenter.org\/wp-content\/uploads\/2023\/11\/Mary3-1536x947.jpg 1536w, https:\/\/ecenter.org\/wp-content\/uploads\/2023\/11\/Mary3-2048x1263.jpg 1946w, https:\/\/ecenter.org\/wp-content\/uploads\/2023\/11\/Mary3-18x12.jpg 18w, https:\/\/ecenter.org\/wp-content\/uploads\/2023\/11\/Mary3-500x308.jpg 500w, https:\/\/ecenter.org\/wp-content\/uploads\/2023\/11\/Mary3-800x493.jpg 800w, https:\/\/ecenter.org\/wp-content\/uploads\/2023\/11\/Mary3-1280x789.jpg 1280w, https:\/\/ecenter.org\/wp-content\/uploads\/2023\/11\/Mary3-1920x1184.jpg 1920w\" sizes=\"auto, (max-width: 1947px) 100vw, 1947px\" \/><\/figure>\n\n<\/div>\n<\/div>\n\n<div class=\"gb-container gb-container-3404a471 gb-container-Large\">\n<div class=\"gb-container gb-container-655b98b3\">\n<div class=\"gb-container gb-container-1cfbfce7\">\n\n<a class=\"gb-button gb-button-648c5796 gb-button-secondary\" href=\"https:\/\/ecenter.org\/wp-content\/uploads\/2023\/08\/Agency-Referral-Form.pdf\"><span class=\"gb-icon\"><svg viewbox=\"0 0 32 32\" preserveaspectratio=\"xMidYMid meet\" height=\"48\" width=\"48\" class=\"iconify iconify--carbon\" aria-hidden=\"true\" xmlns:xlink=\"http:\/\/www.w3.org\/1999\/xlink\" xmlns=\"http:\/\/www.w3.org\/2000\/svg\"><path d=\"M24 24v4H8v-4H6v4a2 2 0 0 0 2 2h16a2 2 0 0 0 2-2v-4Z\" fill=\"currentColor\"><\/path><path d=\"m21 21l-1.414-1.414L17 22.172V14h-2v8.172l-2.586-2.586L11 21l5 5l5-5zm7-17V2h-6v10h2V8h3V6h-3V4h4zm-11 8h-4V2h4a3.003 3.003 0 0 1 3 3v4a3.003 3.003 0 0 1-3 3zm-2-2h2a1.001 1.001 0 0 0 1-1V5a1.001 1.001 0 0 0-1-1h-2zM9 2H4v10h2V9h3a2.003 2.003 0 0 0 2-2V4a2.002 2.002 0 0 0-2-2zM6 7V4h3l.001 3z\" fill=\"currentColor\"><\/path><\/svg><\/span><span class=\"gb-button-text\">Referencia de socios comunitarios<\/span><\/a>\n\n\n\n<a class=\"gb-button gb-button-bb926ec7 gb-button-default\" href=\"https:\/\/eclkc.ohs.acf.hhs.gov\/\" target=\"_blank\" rel=\"noopener noreferrer\"><span class=\"gb-icon\"><svg viewbox=\"0 0 24 24\" preserveaspectratio=\"xMidYMid meet\" height=\"48\" width=\"48\" class=\"iconify iconify--heroicons\" aria-hidden=\"true\" xmlns:xlink=\"http:\/\/www.w3.org\/1999\/xlink\" xmlns=\"http:\/\/www.w3.org\/2000\/svg\"><path clip-rule=\"evenodd\" d=\"M19.902 4.098a3.75 3.75 0 0 0-5.304 0l-4.5 4.5a3.75 3.75 0 0 0 1.035 6.037a.75.75 0 0 1-.646 1.353a5.25 5.25 0 0 1-1.449-8.45l4.5-4.5a5.25 5.25 0 1 1 7.424 7.424l-1.757 1.757a.75.75 0 1 1-1.06-1.06l1.757-1.757a3.75 3.75 0 0 0 0-5.304Zm-7.389 4.267a.75.75 0 0 1 1-.353a5.25 5.25 0 0 1 1.449 8.45l-4.5 4.5a5.25 5.25 0 1 1-7.424-7.424l1.757-1.757a.75.75 0 1 1 1.06 1.06l-1.757 1.757a3.75 3.75 0 1 0 5.304 5.304l4.5-4.5a3.75 3.75 0 0 0-1.035-6.037a.75.75 0 0 1-.354-1Z\" fill-rule=\"evenodd\" fill=\"currentColor\"><\/path><\/svg><\/span><span class=\"gb-button-text\">Centro de Aprendizaje y Conocimiento de la Primera Infancia<\/span><\/a>\n\n<\/div>\n\n<div class=\"gb-container gb-container-4cf3e70d\">\n\n<a class=\"gb-button gb-button-f0e1df20 gb-button-secondary\" href=\"https:\/\/ecenter.org\/es\/head-start-locations\/\"><span class=\"gb-icon\"><svg viewbox=\"0 0 256 256\" preserveaspectratio=\"xMidYMid meet\" height=\"48\" width=\"48\" class=\"iconify iconify--ph\" aria-hidden=\"true\" xmlns:xlink=\"http:\/\/www.w3.org\/1999\/xlink\" xmlns=\"http:\/\/www.w3.org\/2000\/svg\"><path d=\"M128 64a40 40 0 1 0 40 40a40 40 0 0 0-40-40Zm0 64a24 24 0 1 1 24-24a24 24 0 0 1-24 24Zm0-112a88.1 88.1 0 0 0-88 88c0 31.4 14.51 64.68 42 96.25a254.19 254.19 0 0 0 41.45 38.3a8 8 0 0 0 9.18 0a254.19 254.19 0 0 0 41.37-38.3c27.45-31.57 42-64.85 42-96.25a88.1 88.1 0 0 0-88-88Zm0 206c-16.53-13-72-60.75-72-118a72 72 0 0 1 144 0c0 57.23-55.47 105-72 118Z\" fill=\"currentColor\"><\/path><\/svg><\/span><span class=\"gb-button-text\">Ubicaciones de Head Start<\/span><\/a>\n\n\n\n<a class=\"gb-button gb-button-20fd68fd gb-button-primary\" href=\"https:\/\/ecenter.org\/wp-content\/uploads\/2024\/12\/E-Center-Child-Development-Program-Brochure.pdf\" target=\"_blank\" rel=\"noopener noreferrer\"><span class=\"gb-icon\"><svg viewbox=\"0 0 24 24\" preserveaspectratio=\"xMidYMid meet\" height=\"48\" width=\"48\" class=\"iconify iconify--heroicons\" aria-hidden=\"true\" xmlns:xlink=\"http:\/\/www.w3.org\/1999\/xlink\" xmlns=\"http:\/\/www.w3.org\/2000\/svg\"><path clip-rule=\"evenodd\" d=\"M12 2.25a.75.75 0 0 1 .75.75v11.69l3.22-3.22a.75.75 0 1 1 1.06 1.06l-4.5 4.5a.75.75 0 0 1-1.06 0l-4.5-4.5a.75.75 0 1 1 1.06-1.06l3.22 3.22V3a.75.75 0 0 1 .75-.75Zm-9 13.5a.75.75 0 0 1 .75.75v2.25a1.5 1.5 0 0 0 1.5 1.5h13.5a1.5 1.5 0 0 0 1.5-1.5V16.5a.75.75 0 0 1 1.5 0v2.25a3 3 0 0 1-3 3H5.25a3 3 0 0 1-3-3V16.5a.75.75 0 0 1 .75-.75Z\" fill-rule=\"evenodd\" fill=\"currentColor\"><\/path><\/svg><\/span><span class=\"gb-button-text\"> Descargue el folleto de Head Start<\/span><\/a>\n\n\n\n<a class=\"gb-button gb-button-d7fb352b gb-button-default\" href=\"https:\/\/ecenter.org\/wp-content\/uploads\/2024\/12\/2024-MSHS-MEHS-Brochure-Bilingual.pdf\" target=\"_blank\" rel=\"noopener noreferrer\"><span class=\"gb-icon\"><svg viewbox=\"0 0 24 24\" preserveaspectratio=\"xMidYMid meet\" height=\"48\" width=\"48\" class=\"iconify iconify--heroicons\" aria-hidden=\"true\" xmlns:xlink=\"http:\/\/www.w3.org\/1999\/xlink\" xmlns=\"http:\/\/www.w3.org\/2000\/svg\"><path clip-rule=\"evenodd\" d=\"M12 2.25a.75.75 0 0 1 .75.75v11.69l3.22-3.22a.75.75 0 1 1 1.06 1.06l-4.5 4.5a.75.75 0 0 1-1.06 0l-4.5-4.5a.75.75 0 1 1 1.06-1.06l3.22 3.22V3a.75.75 0 0 1 .75-.75Zm-9 13.5a.75.75 0 0 1 .75.75v2.25a1.5 1.5 0 0 0 1.5 1.5h13.5a1.5 1.5 0 0 0 1.5-1.5V16.5a.75.75 0 0 1 1.5 0v2.25a3 3 0 0 1-3 3H5.25a3 3 0 0 1-3-3V16.5a.75.75 0 0 1 .75-.75Z\" fill-rule=\"evenodd\" fill=\"currentColor\"><\/path><\/svg><\/span><span class=\"gb-button-text\"> Descargue el folleto de Head Start para migrantes<\/span><\/a>\n\n<\/div>\n<\/div>\n<\/div>\n\n\n<p><\/p>","protected":false},"excerpt":{"rendered":"<p>Programas Head Start del Centro E El Centro E proporciona servicios para Early Head Start, Head Start, Head Start de temporada para migrantes y Head Start temprano para migrantes. Los servicios brindan educaci\u00f3n integral de la primera infancia, salud, nutrici\u00f3n y participaci\u00f3n de los padres para ni\u00f1os de 0 a 5 a\u00f1os y sus familias sin costo para los participantes. Para cumplir con la misi\u00f3n de Head Start, los servicios... <\/p>\n<p class=\"read-more-container\"><a title=\"Programa Head Start\" class=\"read-more button\" href=\"https:\/\/ecenter.org\/es\/our-programs\/head-start-program\/#more-72\" aria-label=\"Read more about Head Start Program\">Leer m\u00e1s<\/a><\/p>","protected":false},"author":1,"featured_media":0,"parent":16,"menu_order":0,"comment_status":"closed","ping_status":"closed","template":"","meta":{"_acf_changed":false,"_seopress_robots_primary_cat":"","_seopress_titles_title":"","_seopress_titles_desc":"","_seopress_robots_index":"","footnotes":""},"class_list":{"0":"post-72","1":"page","2":"type-page","3":"status-publish","5":"no-featured-image-padding"},"acf":[],"_links":{"self":[{"href":"https:\/\/ecenter.org\/es\/wp-json\/wp\/v2\/pages\/72","targetHints":{"allow":["GET"]}}],"collection":[{"href":"https:\/\/ecenter.org\/es\/wp-json\/wp\/v2\/pages"}],"about":[{"href":"https:\/\/ecenter.org\/es\/wp-json\/wp\/v2\/types\/page"}],"author":[{"embeddable":true,"href":"https:\/\/ecenter.org\/es\/wp-json\/wp\/v2\/users\/1"}],"replies":[{"embeddable":true,"href":"https:\/\/ecenter.org\/es\/wp-json\/wp\/v2\/comments?post=72"}],"version-history":[{"count":35,"href":"https:\/\/ecenter.org\/es\/wp-json\/wp\/v2\/pages\/72\/revisions"}],"predecessor-version":[{"id":14585,"href":"https:\/\/ecenter.org\/es\/wp-json\/wp\/v2\/pages\/72\/revisions\/14585"}],"up":[{"embeddable":true,"href":"https:\/\/ecenter.org\/es\/wp-json\/wp\/v2\/pages\/16"}],"wp:attachment":[{"href":"https:\/\/ecenter.org\/es\/wp-json\/wp\/v2\/media?parent=72"}],"curies":[{"name":"wp","href":"https:\/\/api.w.org\/{rel}","templated":true}]}}